{"id":13912,"date":"2023-06-10T20:39:22","date_gmt":"2023-06-10T20:39:22","guid":{"rendered":"https:\/\/tv.draadigital.com\/?page_id=13912"},"modified":"2025-02-20T10:43:33","modified_gmt":"2025-02-20T10:43:33","slug":"hakkinda","status":"publish","type":"page","link":"https:\/\/draatv.net\/tr\/hakkinda\/","title":{"rendered":"DraaTV Hakk\u0131nda"},"content":{"rendered":"<div data-elementor-type=\"wp-page\" data-elementor-id=\"13912\" class=\"elementor elementor-13912\" data-elementor-post-type=\"page\">\n\t\t\t\t<div class=\"elementor-element elementor-element-992b13e e-flex e-con-boxed e-con e-parent\" data-id=\"992b13e\" data-element_type=\"container\" data-e-type=\"container\">\n\t\t\t\t\t<div class=\"e-con-inner\">\n\t\t<div class=\"elementor-element elementor-element-c30a527 e-con-full e-flex e-con e-child\" data-id=\"c30a527\" data-element_type=\"container\" data-e-type=\"container\">\n\t\t\t\t<div class=\"elementor-element elementor-element-50c5540 elementor-widget elementor-widget-image\" data-id=\"50c5540\" data-element_type=\"widget\" data-e-type=\"widget\" data-widget_type=\"image.default\">\n\t\t\t\t<div class=\"elementor-widget-container\">\n\t\t\t\t\t\t\t\t\t\t\t\t\t\t\t<img decoding=\"async\" src=\"https:\/\/draatv.net\/wp-content\/uploads\/2023\/11\/DraaDigital.webp\" title=\"\" alt=\"\" loading=\"lazy\" \/>\t\t\t\t\t\t\t\t\t\t\t\t\t\t\t<\/div>\n\t\t\t\t<\/div>\n\t\t\t\t<\/div>\n\t\t<div class=\"elementor-element elementor-element-ef3f9d6 e-con-full e-flex e-con e-child\" data-id=\"ef3f9d6\" data-element_type=\"container\" data-e-type=\"container\">\n\t\t\t\t<div class=\"elementor-element elementor-element-f6633b0 elementor-widget elementor-widget-heading\" data-id=\"f6633b0\" data-element_type=\"widget\" data-e-type=\"widget\" data-widget_type=\"heading.default\">\n\t\t\t\t<div class=\"elementor-widget-container\">\n\t\t\t\t\t<h1 class=\"elementor-heading-title elementor-size-default\">DraaTV Hakk\u0131nda<\/h1>\t\t\t\t<\/div>\n\t\t\t\t<\/div>\n\t\t\t\t<\/div>\n\t\t\t\t\t<\/div>\n\t\t\t\t<\/div>\n\t\t<div class=\"elementor-element elementor-element-d38c887 e-flex e-con-boxed e-con e-parent\" data-id=\"d38c887\" data-element_type=\"container\" data-e-type=\"container\">\n\t\t\t\t\t<div class=\"e-con-inner\">\n\t\t<div class=\"elementor-element elementor-element-a69b88c e-flex e-con-boxed e-con e-child\" data-id=\"a69b88c\" data-element_type=\"container\" data-e-type=\"container\">\n\t\t\t\t\t<div class=\"e-con-inner\">\n\t\t\t\t<div class=\"elementor-element elementor-element-c9e52f0 elementor-widget__width-initial elementor-widget elementor-widget-image\" data-id=\"c9e52f0\" data-element_type=\"widget\" data-e-type=\"widget\" data-widget_type=\"image.default\">\n\t\t\t\t<div class=\"elementor-widget-container\">\n\t\t\t\t\t\t\t\t\t\t\t\t\t\t\t<img loading=\"lazy\" decoding=\"async\" width=\"400\" height=\"400\" src=\"https:\/\/draatv.net\/wp-content\/uploads\/2024\/09\/DraaTV-Website-Logo.webp\" class=\"attachment-full size-full wp-image-29844\" alt=\"DraaTV Logo\" srcset=\"https:\/\/draatv.net\/wp-content\/uploads\/2024\/09\/DraaTV-Website-Logo.webp 400w, https:\/\/draatv.net\/wp-content\/uploads\/2024\/09\/DraaTV-Website-Logo-300x300.webp 300w, https:\/\/draatv.net\/wp-content\/uploads\/2024\/09\/DraaTV-Website-Logo-150x150.webp 150w, https:\/\/draatv.net\/wp-content\/uploads\/2024\/09\/DraaTV-Website-Logo-75x75.webp 75w\" sizes=\"auto, (max-width:767px) 400px, 400px\" \/>\t\t\t\t\t\t\t\t\t\t\t\t\t\t\t<\/div>\n\t\t\t\t<\/div>\n\t\t\t\t\t<\/div>\n\t\t\t\t<\/div>\n\t\t<div class=\"elementor-element elementor-element-7660700 e-con-full e-flex e-con e-child\" data-id=\"7660700\" data-element_type=\"container\" data-e-type=\"container\">\n\t\t\t\t<div class=\"elementor-element elementor-element-052f217 elementor-widget elementor-widget-text-editor\" data-id=\"052f217\" data-element_type=\"widget\" data-e-type=\"widget\" data-widget_type=\"text-editor.default\">\n\t\t\t\t<div class=\"elementor-widget-container\">\n\t\t\t\t\t\t\t\t\t<h2>DraaTV<\/h2>\nBu son teknoloji platform, yaln\u0131zca IPTV operat\u00f6rleri i\u00e7in tasarlanm\u0131\u015ft\u0131r. draatv.com, IPTV hizmetlerinin sa\u011flanma ve t\u00fcketilme bi\u00e7imini devrim niteli\u011finde de\u011fi\u015ftiriyor ve abonelere kesintisiz ve benzersiz bir e\u011flence deneyimi sunuyor.\ndraatv.com, IPTV operat\u00f6rlerinin t\u00fcm i\u00e7erik ekosistemini zahmetsizce y\u00f6netmesine olanak tan\u0131yan kullan\u0131c\u0131 dostu ve sezgisel bir aray\u00fcze sahiptir. \u0130\u00e7erik ediniminden y\u00f6netimine, abone faturaland\u0131rmas\u0131ndan m\u00fc\u015fteri deste\u011fine kadar draatv.com, IPTV operasyonlar\u0131n\u0131n t\u00fcm y\u00f6nlerini optimize eden kapsaml\u0131 ve birle\u015fik bir platform sunar.\n\ndraatv.com ile IPTV operat\u00f6rleri, abonelerinin bireysel tercihlerine g\u00f6re ki\u015fiselle\u015ftirilmi\u015f bir i\u00e7erik katalo\u011fu olu\u015fturabilir. Platform, canl\u0131 TV kanallar\u0131, talep \u00fczerine filmler ve TV programlar\u0131 ile \u00f6zel premium i\u00e7erikler de dahil olmak \u00fczere \u00e7ok \u00e7e\u015fitli i\u00e7erik formatlar\u0131n\u0131 destekler. \u0130\u00e7erik bulmay\u0131 kolayla\u015ft\u0131ran geli\u015fmi\u015f \u00f6neri algoritmalar\u0131, izleme al\u0131\u015fkanl\u0131klar\u0131n\u0131 analiz eder ve abonelerin favori programlar\u0131n\u0131 asla ka\u00e7\u0131rmamalar\u0131n\u0131 sa\u011flamak i\u00e7in ki\u015fiselle\u015ftirilmi\u015f i\u00e7erik \u00f6nerileri sunar.\t\t\t\t\t\t\t\t<\/div>\n\t\t\t\t<\/div>\n\t\t\t\t<\/div>\n\t\t\t\t\t<\/div>\n\t\t\t\t<\/div>\n\t\t<div class=\"elementor-element elementor-element-3fdfe1f e-flex e-con-boxed e-con e-parent\" data-id=\"3fdfe1f\" data-element_type=\"container\" data-e-type=\"container\">\n\t\t\t\t\t<div class=\"e-con-inner\">\n\t\t<div class=\"elementor-element elementor-element-49267eb e-con-full e-flex e-con e-child\" data-id=\"49267eb\" data-element_type=\"container\" data-e-type=\"container\">\n\t\t\t\t<div class=\"elementor-element elementor-element-1496d12 elementor-widget elementor-widget-text-editor\" data-id=\"1496d12\" data-element_type=\"widget\" data-e-type=\"widget\" data-widget_type=\"text-editor.default\">\n\t\t\t\t<div class=\"elementor-widget-container\">\n\t\t\t\t\t\t\t\t\t<h2>draatv.com<\/h2>\nAyr\u0131ca, IPTV operat\u00f6rlerinin birden fazla kaynaktan gelir elde etmelerini sa\u011flayan sa\u011flam para kazanma \u00f6zellikleri sunar. Bunlar, abonelik bazl\u0131 fiyatland\u0131rma modelleri, izleme ba\u015f\u0131na \u00f6deme se\u00e7enekleri, reklam entegrasyonu ve uygulama i\u00e7i sat\u0131n al\u0131mlar\u0131 i\u00e7erir. Platform, IPTV operat\u00f6rlerine abone davran\u0131\u015flar\u0131, i\u00e7erik performans\u0131 ve gelir elde etme hakk\u0131nda de\u011ferli bilgiler veren ayr\u0131nt\u0131l\u0131 analiz ve raporlama ara\u00e7lar\u0131 sunar.\n\ndraatv.com, her b\u00fcy\u00fckl\u00fckteki IPTV operat\u00f6rleri i\u00e7in \u00f6l\u00e7eklenebilirlik ve esneklik sunacak \u015fekilde tasarlanm\u0131\u015ft\u0131r. Platform, mevcut IPTV altyap\u0131s\u0131na sorunsuz entegrasyonu destekleyerek kesintisiz bir ge\u00e7i\u015f sa\u011flar. draatv.com, IPTV operat\u00f6rlerinin platformu kendi logolar\u0131, renkleri ve temalar\u0131yla ki\u015fiselle\u015ftirmelerine olanak tan\u0131yan \u00f6zelle\u015ftirme se\u00e7enekleri sunarak abonelere tutarl\u0131 ve markal\u0131 bir deneyim sunar.\t\t\t\t\t\t\t\t<\/div>\n\t\t\t\t<\/div>\n\t\t\t\t<\/div>\n\t\t<div class=\"elementor-element elementor-element-d890f6c e-flex e-con-boxed e-con e-child\" data-id=\"d890f6c\" data-element_type=\"container\" data-e-type=\"container\">\n\t\t\t\t\t<div class=\"e-con-inner\">\n\t\t\t\t<div class=\"elementor-element elementor-element-fae60f9 elementor-widget elementor-widget-image\" data-id=\"fae60f9\" data-element_type=\"widget\" data-e-type=\"widget\" data-widget_type=\"image.default\">\n\t\t\t\t<div class=\"elementor-widget-container\">\n\t\t\t\t\t\t\t\t\t\t\t\t\t\t\t<img loading=\"lazy\" decoding=\"async\" width=\"1024\" height=\"719\" src=\"https:\/\/draatv.net\/wp-content\/uploads\/2024\/09\/manager-1140.9dddec8c-1024x719.webp\" class=\"attachment-large size-large wp-image-30041\" alt=\"Sunucu sistemi y\u00fckseltmesi\" srcset=\"https:\/\/draatv.net\/wp-content\/uploads\/2024\/09\/manager-1140.9dddec8c-1024x719.webp 1024w, https:\/\/draatv.net\/wp-content\/uploads\/2024\/09\/manager-1140.9dddec8c-300x211.webp 300w, https:\/\/draatv.net\/wp-content\/uploads\/2024\/09\/manager-1140.9dddec8c-768x539.webp 768w, https:\/\/draatv.net\/wp-content\/uploads\/2024\/09\/manager-1140.9dddec8c-107x75.webp 107w, https:\/\/draatv.net\/wp-content\/uploads\/2024\/09\/manager-1140.9dddec8c-895x628.webp 895w, https:\/\/draatv.net\/wp-content\/uploads\/2024\/09\/manager-1140.9dddec8c-480x337.webp 480w, https:\/\/draatv.net\/wp-content\/uploads\/2024\/09\/manager-1140.9dddec8c.webp 1140w\" sizes=\"auto, (max-width:767px) 480px, (max-width:1024px) 100vw, 1024px\" \/>\t\t\t\t\t\t\t\t\t\t\t\t\t\t\t<\/div>\n\t\t\t\t<\/div>\n\t\t\t\t\t<\/div>\n\t\t\t\t<\/div>\n\t\t\t\t\t<\/div>\n\t\t\t\t<\/div>\n\t\t<div class=\"elementor-element elementor-element-f43215c e-flex e-con-boxed e-con e-parent\" data-id=\"f43215c\" data-element_type=\"container\" data-e-type=\"container\">\n\t\t\t\t\t<div class=\"e-con-inner\">\n\t\t<div class=\"elementor-element elementor-element-cf2c3f3 e-flex e-con-boxed e-con e-child\" data-id=\"cf2c3f3\" data-element_type=\"container\" data-e-type=\"container\">\n\t\t\t\t\t<div class=\"e-con-inner\">\n\t\t\t\t<div class=\"elementor-element elementor-element-48a9741 elementor-widget elementor-widget-image\" data-id=\"48a9741\" data-element_type=\"widget\" data-e-type=\"widget\" data-widget_type=\"image.default\">\n\t\t\t\t<div class=\"elementor-widget-container\">\n\t\t\t\t\t\t\t\t\t\t\t\t\t\t\t<img loading=\"lazy\" decoding=\"async\" width=\"1024\" height=\"719\" src=\"https:\/\/draatv.net\/wp-content\/uploads\/2024\/09\/servers-1140.166e5250-1024x719.webp\" class=\"attachment-large size-large wp-image-30042\" alt=\"Sunucu bak\u0131m\u0131\" srcset=\"https:\/\/draatv.net\/wp-content\/uploads\/2024\/09\/servers-1140.166e5250-1024x719.webp 1024w, https:\/\/draatv.net\/wp-content\/uploads\/2024\/09\/servers-1140.166e5250-300x211.webp 300w, https:\/\/draatv.net\/wp-content\/uploads\/2024\/09\/servers-1140.166e5250-768x539.webp 768w, https:\/\/draatv.net\/wp-content\/uploads\/2024\/09\/servers-1140.166e5250-107x75.webp 107w, https:\/\/draatv.net\/wp-content\/uploads\/2024\/09\/servers-1140.166e5250-895x628.webp 895w, https:\/\/draatv.net\/wp-content\/uploads\/2024\/09\/servers-1140.166e5250-480x337.webp 480w, https:\/\/draatv.net\/wp-content\/uploads\/2024\/09\/servers-1140.166e5250.webp 1140w\" sizes=\"auto, (max-width:767px) 480px, (max-width:1024px) 100vw, 1024px\" \/>\t\t\t\t\t\t\t\t\t\t\t\t\t\t\t<\/div>\n\t\t\t\t<\/div>\n\t\t\t\t\t<\/div>\n\t\t\t\t<\/div>\n\t\t<div class=\"elementor-element elementor-element-1673d51 e-con-full e-flex e-con e-child\" data-id=\"1673d51\" data-element_type=\"container\" data-e-type=\"container\">\n\t\t\t\t<div class=\"elementor-element elementor-element-071d008 elementor-widget elementor-widget-text-editor\" data-id=\"071d008\" data-element_type=\"widget\" data-e-type=\"widget\" data-widget_type=\"text-editor.default\">\n\t\t\t\t<div class=\"elementor-widget-container\">\n\t\t\t\t\t\t\t\t\tG\u00fcvenlik bizim i\u00e7in en \u00f6nemli \u00f6nceliktir\n<h4>draatv.com<\/h4>\n, Yetkisiz eri\u015fimi ve korsanl\u0131\u011f\u0131 \u00f6nlemek i\u00e7in sa\u011flam Dijital Hak Y\u00f6netimi (DRM) ve i\u00e7erik koruma \u00f6nlemleriyle donat\u0131lm\u0131\u015ft\u0131r. Platform, en son g\u00fcvenlik yamalar\u0131yla s\u00fcrekli g\u00fcncellenir ve IPTV operat\u00f6rleri ve aboneleri i\u00e7in maksimum koruma sa\u011flamak amac\u0131yla d\u00fczenli g\u00fcvenlik denetimlerinden ge\u00e7er.\n\nSon teknoloji \u00f6zellikleri, sorunsuz entegrasyonu ve kapsaml\u0131 i\u00e7erik y\u00f6netimi yetenekleriyle draatv.com, IPTV operat\u00f6rlerinin abonelerine benzersiz bir e\u011flence deneyimi sunmalar\u0131, gelirlerini art\u0131rmalar\u0131 ve s\u00fcrekli geli\u015fen IPTV d\u00fcnyas\u0131nda zirvede kalmalar\u0131 i\u00e7in nihai platformdur.\t\t\t\t\t\t\t\t<\/div>\n\t\t\t\t<\/div>\n\t\t\t\t<\/div>\n\t\t\t\t\t<\/div>\n\t\t\t\t<\/div>\n\t\t\t\t<section class=\"elementor-section elementor-top-section elementor-element elementor-element-bc8a0d7 elementor-section-stretched elementor-section-full_width elementor-section-height-default elementor-section-height-default\" data-id=\"bc8a0d7\" data-element_type=\"section\" data-e-type=\"section\" data-settings=\"{&quot;stretch_section&quot;:&quot;section-stretched&quot;,&quot;background_background&quot;:&quot;gradient&quot;,&quot;shape_divider_top&quot;:&quot;opacity-fan&quot;}\">\n\t\t\t\t\t<div class=\"elementor-shape elementor-shape-top\" aria-hidden=\"true\" data-negative=\"false\">\n\t\t\t<svg xmlns=\"http:\/\/www.w3.org\/2000\/svg\" viewbox=\"0 0 283.5 19.6\" preserveaspectratio=\"none\">\n\t<path class=\"elementor-shape-fill\" style=\"opacity:0.33\" d=\"M0 0L0 18.8 141.8 4.1 283.5 18.8 283.5 0z\"\/>\n\t<path class=\"elementor-shape-fill\" style=\"opacity:0.33\" d=\"M0 0L0 12.6 141.8 4 283.5 12.6 283.5 0z\"\/>\n\t<path class=\"elementor-shape-fill\" style=\"opacity:0.33\" d=\"M0 0L0 6.4 141.8 4 283.5 6.4 283.5 0z\"\/>\n\t<path class=\"elementor-shape-fill\" d=\"M0 0L0 1.2 141.8 4 283.5 1.2 283.5 0z\"\/>\n<\/svg>\t\t<\/div>\n\t\t\t\t\t<div class=\"elementor-container elementor-column-gap-wider\">\n\t\t\t\t\t<div class=\"elementor-column elementor-col-100 elementor-top-column elementor-element elementor-element-49b277a\" data-id=\"49b277a\" data-element_type=\"column\" data-e-type=\"column\">\n\t\t\t<div class=\"elementor-widget-wrap elementor-element-populated\">\n\t\t\t\t<div class=\"elementor-element elementor-element-96fd0cc e-grid e-con-boxed e-con e-parent\" data-id=\"96fd0cc\" data-element_type=\"container\" data-e-type=\"container\">\n\t\t\t\t\t<div class=\"e-con-inner\">\n\t\t<div class=\"elementor-element elementor-element-315c23d e-con-full e-flex e-con e-child\" data-id=\"315c23d\" data-element_type=\"container\" data-e-type=\"container\">\n\t\t\t\t<div class=\"elementor-element elementor-element-c24f32c elementor-widget elementor-widget-heading\" data-id=\"c24f32c\" data-element_type=\"widget\" data-e-type=\"widget\" data-widget_type=\"heading.default\">\n\t\t\t\t<div class=\"elementor-widget-container\">\n\t\t\t\t\t<h5 class=\"elementor-heading-title elementor-size-default\">0 Para \u0130ade Garantisi<\/h5>\t\t\t\t<\/div>\n\t\t\t\t<\/div>\n\t\t\t\t<div class=\"elementor-element elementor-element-cb27dc7 elementor-widget elementor-widget-image\" data-id=\"cb27dc7\" data-element_type=\"widget\" data-e-type=\"widget\" data-widget_type=\"image.default\">\n\t\t\t\t<div class=\"elementor-widget-container\">\n\t\t\t\t\t\t\t\t\t\t\t\t\t\t\t\t<a href=\"https:\/\/draatv.net\/tr\/refund-policy\/\">\n\t\t\t\t\t\t\t<img loading=\"lazy\" decoding=\"async\" width=\"150\" height=\"150\" src=\"https:\/\/draatv.net\/wp-content\/uploads\/2025\/02\/Moeny-Back.webp\" class=\"attachment-full size-full wp-image-37952\" alt=\"100 % Geld-zur\u00fcck-Garantie-Abzeichen mit einem orangefarbenen Schild und einem H\u00e4kchen\" srcset=\"https:\/\/draatv.net\/wp-content\/uploads\/2025\/02\/Moeny-Back.webp 150w, https:\/\/draatv.net\/wp-content\/uploads\/2025\/02\/Moeny-Back-12x12.webp 12w, https:\/\/draatv.net\/wp-content\/uploads\/2025\/02\/Moeny-Back-75x75.webp 75w\" sizes=\"auto, (max-width:767px) 150px, 150px\" \/>\t\t\t\t\t\t\t\t<\/a>\n\t\t\t\t\t\t\t\t\t\t\t\t\t\t\t<\/div>\n\t\t\t\t<\/div>\n\t\t\t\t<\/div>\n\t\t<div class=\"elementor-element elementor-element-18dfa42 e-con-full e-flex e-con e-child\" data-id=\"18dfa42\" data-element_type=\"container\" data-e-type=\"container\">\n\t\t\t\t<div class=\"elementor-element elementor-element-022275a elementor-widget elementor-widget-heading\" data-id=\"022275a\" data-element_type=\"widget\" data-e-type=\"widget\" data-widget_type=\"heading.default\">\n\t\t\t\t<div class=\"elementor-widget-container\">\n\t\t\t\t\t<h5 class=\"elementor-heading-title elementor-size-default\">0 G\u00fcvenli Ba\u011flant\u0131<\/h5>\t\t\t\t<\/div>\n\t\t\t\t<\/div>\n\t\t\t\t<div class=\"elementor-element elementor-element-e27bc7f elementor-widget elementor-widget-image\" data-id=\"e27bc7f\" data-element_type=\"widget\" data-e-type=\"widget\" data-widget_type=\"image.default\">\n\t\t\t\t<div class=\"elementor-widget-container\">\n\t\t\t\t\t\t\t\t\t\t\t\t\t\t\t\t<a href=\"https:\/\/secure.trust-provider.com\/ttb_searcher\/trustlogo?v_querytype=W&#038;v_shortname=CL1&#038;v_search=https:\/\/draatv.net\/&#038;x=6&#038;y=5\" target=\"_blank\" id=\"comodoTL\">\n\t\t\t\t\t\t\t<img loading=\"lazy\" decoding=\"async\" width=\"150\" height=\"150\" src=\"https:\/\/draatv.net\/wp-content\/uploads\/2025\/02\/SSL.webp\" class=\"attachment-full size-full wp-image-37953\" alt=\"Abzeichen f\u00fcr sichere SSL-verschl\u00fcsselte Verbindung mit einem Globus und einem gr\u00fcnen Vorh\u00e4ngeschloss\" srcset=\"https:\/\/draatv.net\/wp-content\/uploads\/2025\/02\/SSL.webp 150w, https:\/\/draatv.net\/wp-content\/uploads\/2025\/02\/SSL-12x12.webp 12w, https:\/\/draatv.net\/wp-content\/uploads\/2025\/02\/SSL-75x75.webp 75w\" sizes=\"auto, (max-width:767px) 150px, 150px\" \/>\t\t\t\t\t\t\t\t<\/a>\n\t\t\t\t\t\t\t\t\t\t\t\t\t\t\t<\/div>\n\t\t\t\t<\/div>\n\t\t\t\t<\/div>\n\t\t<div class=\"elementor-element elementor-element-e651540 e-con-full e-flex e-con e-child\" data-id=\"e651540\" data-element_type=\"container\" data-e-type=\"container\">\n\t\t\t\t<div class=\"elementor-element elementor-element-368cc26 elementor-widget elementor-widget-heading\" data-id=\"368cc26\" data-element_type=\"widget\" data-e-type=\"widget\" data-widget_type=\"heading.default\">\n\t\t\t\t<div class=\"elementor-widget-container\">\n\t\t\t\t\t<h5 class=\"elementor-heading-title elementor-size-default\">Veri Koruma<\/h5>\t\t\t\t<\/div>\n\t\t\t\t<\/div>\n\t\t\t\t<div class=\"elementor-element elementor-element-4c93a13 elementor-widget elementor-widget-image\" data-id=\"4c93a13\" data-element_type=\"widget\" data-e-type=\"widget\" data-widget_type=\"image.default\">\n\t\t\t\t<div class=\"elementor-widget-container\">\n\t\t\t\t\t\t\t\t\t\t\t\t\t\t\t\t<a href=\"https:\/\/ico.org.uk\/ESDWebPages\/Entry\/ZB763409\" target=\"_blank\" rel=\"noopener\">\n\t\t\t\t\t\t\t<img loading=\"lazy\" decoding=\"async\" width=\"150\" height=\"150\" src=\"https:\/\/draatv.net\/wp-content\/uploads\/2025\/02\/GDPR.webp\" class=\"attachment-full size-full wp-image-37951\" alt=\"GDPR-Compliance-Abzeichen mit einem gr\u00fcnen Vorh\u00e4ngeschloss, umgeben von 12 orangefarbenen Sternen\" srcset=\"https:\/\/draatv.net\/wp-content\/uploads\/2025\/02\/GDPR.webp 150w, https:\/\/draatv.net\/wp-content\/uploads\/2025\/02\/GDPR-12x12.webp 12w, https:\/\/draatv.net\/wp-content\/uploads\/2025\/02\/GDPR-75x75.webp 75w\" sizes=\"auto, (max-width:767px) 150px, 150px\" \/>\t\t\t\t\t\t\t\t<\/a>\n\t\t\t\t\t\t\t\t\t\t\t\t\t\t\t<\/div>\n\t\t\t\t<\/div>\n\t\t\t\t<\/div>\n\t\t\t\t\t<\/div>\n\t\t\t\t<\/div>\n\t\t<div class=\"elementor-element elementor-element-214976b e-flex e-con-boxed e-con e-child\" data-id=\"214976b\" data-element_type=\"container\" data-e-type=\"container\">\n\t\t\t\t\t<div class=\"e-con-inner\">\n\t\t\t\t<div class=\"elementor-element elementor-element-33cca2b elementor-widget elementor-widget-html\" data-id=\"33cca2b\" data-element_type=\"widget\" data-e-type=\"widget\" data-widget_type=\"html.default\">\n\t\t\t\t<div class=\"elementor-widget-container\">\n\t\t\t\t\t<style>\r\n.footer {\r\n  display: flex;\r\n  flex-wrap: wrap;\r\n  justify-content: center;\r\n  align-items: center;\r\n  margin-bottom: 16px;\r\n}\r\n\r\n.footer .footerbutton {\r\n    color: #fff;\r\n  font-size: 16px;\r\n  font-weight: 500;\r\n  border-style: solid;\r\n  border-width: 1px 1px 1px 1px;\r\n  border-color: #ff;\r\n  border-radius: 24px;\r\n  padding: 8px 16px;\r\n  margin: 8px;\r\n  display: inline-block;\r\n  text-decoration: none;\r\n}\r\n\r\n\/* Media Query for screens smaller than 600px *\/\r\n@media (max-width: 600px) {\r\n  .footer .footerbutton {\r\n    font-size: 14px;\r\n    padding: 6px 12px;\r\n    margin: 4px;\r\n  }\r\n}\r\n<\/style>\r\n\r\n<br\/>\r\n<br\/>\r\n<div class=\"footer\">\r\n   <a class=\"footerbutton\" href=\"https:\/\/draatv.net\/tr\/apk\/\" title=\"\u0130ndir\"><i class=\"icon-download\"><\/i> DraaTV v3.8<\/a>\r\n   <a class=\"footerbutton\" href=\"https:\/\/draatv.net\/tr\/terms-of-use\/\" title=\"Kullan\u0131m \u015eartlar\u0131\"><i class=\"fas fa-balance-scale\"><\/i> Kullan\u0131m \u015eartlar\u0131<\/a>\r\n   <a class=\"footerbutton\" href=\"https:\/\/draatv.net\/tr\/privacy-policy\/\" title=\"Gizlilik Politikas\u0131\"><i class=\"fas fa-user-lock\"><\/i> Gizlilik Politikas\u0131 <\/a>\r\n   <a class=\"footerbutton\" href=\"https:\/\/draatv.net\/tr\/refund-policy\/\" title=\"Refund\"><i class=\"icon-money-line\"><\/i> \u0130ade<\/a>\r\n<\/div>\r\n\t\t\t\t<\/div>\n\t\t\t\t<\/div>\n\t\t\t\t\t<\/div>\n\t\t\t\t<\/div>\n\t\t\t\t\t<\/div>\n\t\t<\/div>\n\t\t\t\t\t<\/div>\n\t\t<\/section>\n\t\t\t\t<\/div>","protected":false},"excerpt":{"rendered":"<p>\u00dcber DraaTV DraaTV Die hochmoderne Plattform ist ausschlie\u00dflich f\u00fcr IPTV-Betreiber konzipiert. draatv.com revolutioniert die Art und Weise, wie IPTV-Dienste bereitgestellt und genutzt werden, und bietet Abonnenten<span class=\"excerpt-hellip\"> [\u2026]<\/span><\/p>\n","protected":false},"author":438,"featured_media":0,"parent":0,"menu_order":0,"comment_status":"closed","ping_status":"closed","template":"elementor_header_footer","meta":{"_surecart_dashboard_logo_width":"180px","_surecart_dashboard_show_logo":true,"_surecart_dashboard_navigation_orders":true,"_surecart_dashboard_navigation_invoices":true,"_surecart_dashboard_navigation_subscriptions":true,"_surecart_dashboard_navigation_downloads":true,"_surecart_dashboard_navigation_billing":true,"_surecart_dashboard_navigation_account":true,"footnotes":""},"class_list":["post-13912","page","type-page","status-publish","hentry"],"_links":{"self":[{"href":"https:\/\/draatv.net\/tr\/wp-json\/wp\/v2\/pages\/13912","targetHints":{"allow":["GET"]}}],"collection":[{"href":"https:\/\/draatv.net\/tr\/wp-json\/wp\/v2\/pages"}],"about":[{"href":"https:\/\/draatv.net\/tr\/wp-json\/wp\/v2\/types\/page"}],"author":[{"embeddable":true,"href":"https:\/\/draatv.net\/tr\/wp-json\/wp\/v2\/users\/438"}],"replies":[{"embeddable":true,"href":"https:\/\/draatv.net\/tr\/wp-json\/wp\/v2\/comments?post=13912"}],"version-history":[{"count":0,"href":"https:\/\/draatv.net\/tr\/wp-json\/wp\/v2\/pages\/13912\/revisions"}],"wp:attachment":[{"href":"https:\/\/draatv.net\/tr\/wp-json\/wp\/v2\/media?parent=13912"}],"curies":[{"name":"wp","href":"https:\/\/api.w.org\/{rel}","templated":true}]}}