{"id":31382,"date":"2024-11-17T13:15:50","date_gmt":"2024-11-17T13:15:50","guid":{"rendered":"https:\/\/draatv.com\/?page_id=31382"},"modified":"2025-02-20T10:40:38","modified_gmt":"2025-02-20T10:40:38","slug":"tag","status":"publish","type":"page","link":"https:\/\/draatv.net\/it\/tag\/","title":{"rendered":"Post Tag"},"content":{"rendered":"<div data-elementor-type=\"wp-page\" data-elementor-id=\"31382\" class=\"elementor elementor-31382\" data-elementor-post-type=\"page\">\n\t\t\t\t<div class=\"elementor-element elementor-element-da48898 e-flex e-con-boxed e-con e-parent\" data-id=\"da48898\" data-element_type=\"container\" data-e-type=\"container\">\n\t\t\t\t\t<div class=\"e-con-inner\">\n\t\t\t\t<div class=\"elementor-element elementor-element-d9b8400 elementor-widget elementor-widget-sitemap\" data-id=\"d9b8400\" data-element_type=\"widget\" data-e-type=\"widget\" data-widget_type=\"sitemap.default\">\n\t\t\t\t<div class=\"elementor-widget-container\">\n\t\t\t\t\t<div class=\"elementor-sitemap-wrap\"><div class=\"elementor-sitemap-section\"><h1 class=\"elementor-sitemap-title elementor-sitemap-post_tag-title\">Post Tag<\/h1><ul class=\"elementor-sitemap-list elementor-sitemap-post_tag-list\">\t<li class=\"elementor-sitemap-item elementor-sitemap-item-post_tag cat-item cat-item-851\"><a href=\"https:\/\/draatv.net\/it\/tag\/android-box\/\">Android Box<\/a>\n<\/li>\n\t<li class=\"elementor-sitemap-item elementor-sitemap-item-post_tag cat-item cat-item-605\"><a href=\"https:\/\/draatv.net\/it\/tag\/android-tv\/\">Android TV<\/a>\n<\/li>\n\t<li class=\"elementor-sitemap-item elementor-sitemap-item-post_tag cat-item cat-item-840\"><a href=\"https:\/\/draatv.net\/it\/tag\/appforce-2\/\">AppForce 2<\/a>\n<\/li>\n\t<li class=\"elementor-sitemap-item elementor-sitemap-item-post_tag cat-item cat-item-608\"><a href=\"https:\/\/draatv.net\/it\/tag\/apple-tv\/\">Apple TV<\/a>\n<\/li>\n\t<li class=\"elementor-sitemap-item elementor-sitemap-item-post_tag cat-item cat-item-866\"><a href=\"https:\/\/draatv.net\/it\/tag\/bester-iptv-dienst\/\">bester IPTV-Dienst<\/a>\n<\/li>\n\t<li class=\"elementor-sitemap-item elementor-sitemap-item-post_tag cat-item cat-item-873\"><a href=\"https:\/\/draatv.net\/it\/tag\/controld-dns\/\">ControlD DNS<\/a>\n<\/li>\n\t<li class=\"elementor-sitemap-item elementor-sitemap-item-post_tag cat-item cat-item-599\"><a href=\"https:\/\/draatv.net\/it\/tag\/draatv\/\">DraaTV<\/a>\n<\/li>\n\t<li class=\"elementor-sitemap-item elementor-sitemap-item-post_tag cat-item cat-item-828\"><a href=\"https:\/\/draatv.net\/it\/tag\/dreambox\/\">Dreambox<\/a>\n<\/li>\n\t<li class=\"elementor-sitemap-item elementor-sitemap-item-post_tag cat-item cat-item-827\"><a href=\"https:\/\/draatv.net\/it\/tag\/enigma2\/\">Enigma2<\/a>\n<\/li>\n\t<li class=\"elementor-sitemap-item elementor-sitemap-item-post_tag cat-item cat-item-856\"><a href=\"https:\/\/draatv.net\/it\/tag\/fire-tv-stick-4k\/\">Fire TV Stick 4K<\/a>\n<\/li>\n\t<li class=\"elementor-sitemap-item elementor-sitemap-item-post_tag cat-item cat-item-857\"><a href=\"https:\/\/draatv.net\/it\/tag\/fire-tv-stick-4k-max\/\">Fire TV Stick 4K Max<\/a>\n<\/li>\n\t<li class=\"elementor-sitemap-item elementor-sitemap-item-post_tag cat-item cat-item-855\"><a href=\"https:\/\/draatv.net\/it\/tag\/fire-tv-stick-hd\/\">Fire TV Stick HD<\/a>\n<\/li>\n\t<li class=\"elementor-sitemap-item elementor-sitemap-item-post_tag cat-item cat-item-603\"><a href=\"https:\/\/draatv.net\/it\/tag\/firestick\/\">Firestick<\/a>\n<\/li>\n\t<li class=\"elementor-sitemap-item elementor-sitemap-item-post_tag cat-item cat-item-837\"><a href=\"https:\/\/draatv.net\/it\/tag\/formuler-gtv\/\">Formuler GTV<\/a>\n<\/li>\n\t<li class=\"elementor-sitemap-item elementor-sitemap-item-post_tag cat-item cat-item-832\"><a href=\"https:\/\/draatv.net\/it\/tag\/formuler-z\/\">Formuler Z<\/a>\n<\/li>\n\t<li class=\"elementor-sitemap-item elementor-sitemap-item-post_tag cat-item cat-item-835\"><a href=\"https:\/\/draatv.net\/it\/tag\/formuler-z10-pro\/\">Formuler Z10 Pro<\/a>\n<\/li>\n\t<li class=\"elementor-sitemap-item elementor-sitemap-item-post_tag cat-item cat-item-836\"><a href=\"https:\/\/draatv.net\/it\/tag\/formuler-z10-se\/\">Formuler Z10 SE<\/a>\n<\/li>\n\t<li class=\"elementor-sitemap-item elementor-sitemap-item-post_tag cat-item cat-item-834\"><a href=\"https:\/\/draatv.net\/it\/tag\/formuler-z11-pro\/\">Formuler Z11 Pro<\/a>\n<\/li>\n\t<li class=\"elementor-sitemap-item elementor-sitemap-item-post_tag cat-item cat-item-833\"><a href=\"https:\/\/draatv.net\/it\/tag\/formuler-z11-pro-max\/\">Formuler Z11 Pro Max<\/a>\n<\/li>\n\t<li class=\"elementor-sitemap-item elementor-sitemap-item-post_tag cat-item cat-item-841\"><a href=\"https:\/\/draatv.net\/it\/tag\/gloriaforce-rtx\/\">GloriaForce RTX<\/a>\n<\/li>\n\t<li class=\"elementor-sitemap-item elementor-sitemap-item-post_tag cat-item cat-item-842\"><a href=\"https:\/\/draatv.net\/it\/tag\/gloriaforce-rtx-duo\/\">GloriaForce RTX Duo<\/a>\n<\/li>\n\t<li class=\"elementor-sitemap-item elementor-sitemap-item-post_tag cat-item cat-item-845\"><a href=\"https:\/\/draatv.net\/it\/tag\/gloriaforce-rtx-mini\/\">GloriaForce RTX Mini<\/a>\n<\/li>\n\t<li class=\"elementor-sitemap-item elementor-sitemap-item-post_tag cat-item cat-item-843\"><a href=\"https:\/\/draatv.net\/it\/tag\/gloriaforce-rtx-uno\/\">GloriaForce RTX UNO<\/a>\n<\/li>\n\t<li class=\"elementor-sitemap-item elementor-sitemap-item-post_tag cat-item cat-item-844\"><a href=\"https:\/\/draatv.net\/it\/tag\/gloriaforce-rtx-zero\/\">GloriaForce RTX Zero<\/a>\n<\/li>\n\t<li class=\"elementor-sitemap-item elementor-sitemap-item-post_tag cat-item cat-item-846\"><a href=\"https:\/\/draatv.net\/it\/tag\/gloriaforce-spacex\/\">GloriaForce SpaceX<\/a>\n<\/li>\n\t<li class=\"elementor-sitemap-item elementor-sitemap-item-post_tag cat-item cat-item-594\"><a href=\"https:\/\/draatv.net\/it\/tag\/ibo-player\/\">IBO Player<\/a>\n<\/li>\n\t<li class=\"elementor-sitemap-item elementor-sitemap-item-post_tag cat-item cat-item-869\"><a href=\"https:\/\/draatv.net\/it\/tag\/iptv\/\">IPTV<\/a>\n<\/li>\n\t<li class=\"elementor-sitemap-item elementor-sitemap-item-post_tag cat-item cat-item-593\"><a href=\"https:\/\/draatv.net\/it\/tag\/iptv-anbieter\/\">IPTV Anbieter<\/a>\n<\/li>\n\t<li class=\"elementor-sitemap-item elementor-sitemap-item-post_tag cat-item cat-item-871\"><a href=\"https:\/\/draatv.net\/it\/tag\/iptv-dns\/\">IPTV DNS<\/a>\n<\/li>\n\t<li class=\"elementor-sitemap-item elementor-sitemap-item-post_tag cat-item cat-item-863\"><a href=\"https:\/\/draatv.net\/it\/tag\/iptv-fuer-xbox\/\">IPTV f\u00fcr Xbox<\/a>\n<\/li>\n\t<li class=\"elementor-sitemap-item elementor-sitemap-item-post_tag cat-item cat-item-858\"><a href=\"https:\/\/draatv.net\/it\/tag\/iptv-hd-qualitaet\/\">IPTV HD-Qualit\u00e4t<\/a>\n<\/li>\n\t<li class=\"elementor-sitemap-item elementor-sitemap-item-post_tag cat-item cat-item-595\"><a href=\"https:\/\/draatv.net\/it\/tag\/iptv-kanale\/\">IPTV Kan\u00e4le<\/a>\n<\/li>\n\t<li class=\"elementor-sitemap-item elementor-sitemap-item-post_tag cat-item cat-item-610\"><a href=\"https:\/\/draatv.net\/it\/tag\/iptv-simple-client\/\">IPTV Simple Client<\/a>\n<\/li>\n\t<li class=\"elementor-sitemap-item elementor-sitemap-item-post_tag cat-item cat-item-859\"><a href=\"https:\/\/draatv.net\/it\/tag\/iptv-streaming-deutschland\/\">IPTV Streaming Deutschland<\/a>\n<\/li>\n\t<li class=\"elementor-sitemap-item elementor-sitemap-item-post_tag cat-item cat-item-867\"><a href=\"https:\/\/draatv.net\/it\/tag\/iptv-xbox\/\">IPTV Xbox<\/a>\n<\/li>\n\t<li class=\"elementor-sitemap-item elementor-sitemap-item-post_tag cat-item cat-item-865\"><a href=\"https:\/\/draatv.net\/it\/tag\/iptv-xbox-2025\/\">IPTV Xbox 2025<\/a>\n<\/li>\n\t<li class=\"elementor-sitemap-item elementor-sitemap-item-post_tag cat-item cat-item-597\"><a href=\"https:\/\/draatv.net\/it\/tag\/iptv-anbieter-2024\/\">IPTV-Anbieter 2024<\/a>\n<\/li>\n\t<li class=\"elementor-sitemap-item elementor-sitemap-item-post_tag cat-item cat-item-611\"><a href=\"https:\/\/draatv.net\/it\/tag\/kodi\/\">Kodi<\/a>\n<\/li>\n\t<li class=\"elementor-sitemap-item elementor-sitemap-item-post_tag cat-item cat-item-861\"><a href=\"https:\/\/draatv.net\/it\/tag\/kodi-iptv\/\">Kodi IPTV<\/a>\n<\/li>\n\t<li class=\"elementor-sitemap-item elementor-sitemap-item-post_tag cat-item cat-item-860\"><a href=\"https:\/\/draatv.net\/it\/tag\/kodi-iptv-xbox\/\">Kodi IPTV Xbox<\/a>\n<\/li>\n\t<li class=\"elementor-sitemap-item elementor-sitemap-item-post_tag cat-item cat-item-823\"><a href=\"https:\/\/draatv.net\/it\/tag\/kostenlose\/\">Kostenlose<\/a>\n<\/li>\n\t<li class=\"elementor-sitemap-item elementor-sitemap-item-post_tag cat-item cat-item-601\"><a href=\"https:\/\/draatv.net\/it\/tag\/lg-smart-tv\/\">LG Smart TV<\/a>\n<\/li>\n\t<li class=\"elementor-sitemap-item elementor-sitemap-item-post_tag cat-item cat-item-862\"><a href=\"https:\/\/draatv.net\/it\/tag\/myiptv-player\/\">MyIPTV Player<\/a>\n<\/li>\n\t<li class=\"elementor-sitemap-item elementor-sitemap-item-post_tag cat-item cat-item-872\"><a href=\"https:\/\/draatv.net\/it\/tag\/nextdns-smart-tv\/\">NextDNS Smart TV<\/a>\n<\/li>\n\t<li class=\"elementor-sitemap-item elementor-sitemap-item-post_tag cat-item cat-item-854\"><a href=\"https:\/\/draatv.net\/it\/tag\/nvidia-shield\/\">NVIDIA Shield<\/a>\n<\/li>\n\t<li class=\"elementor-sitemap-item elementor-sitemap-item-post_tag cat-item cat-item-870\"><a href=\"https:\/\/draatv.net\/it\/tag\/ott\/\">OTT<\/a>\n<\/li>\n\t<li class=\"elementor-sitemap-item elementor-sitemap-item-post_tag cat-item cat-item-598\"><a href=\"https:\/\/draatv.net\/it\/tag\/samsung-smart-tv\/\">Samsung Smart TV<\/a>\n<\/li>\n\t<li class=\"elementor-sitemap-item elementor-sitemap-item-post_tag cat-item cat-item-853\"><a href=\"https:\/\/draatv.net\/it\/tag\/tivimate\/\">TiviMate<\/a>\n<\/li>\n\t<li class=\"elementor-sitemap-item elementor-sitemap-item-post_tag cat-item cat-item-821\"><a href=\"https:\/\/draatv.net\/it\/tag\/vpn\/\">VPN<\/a>\n<\/li>\n\t<li class=\"elementor-sitemap-item elementor-sitemap-item-post_tag cat-item cat-item-829\"><a href=\"https:\/\/draatv.net\/it\/tag\/vu\/\">VU+<\/a>\n<\/li>\n\t<li class=\"elementor-sitemap-item elementor-sitemap-item-post_tag cat-item cat-item-864\"><a href=\"https:\/\/draatv.net\/it\/tag\/xbox-iptv-einrichten\/\">Xbox IPTV einrichten<\/a>\n<\/li>\n\t<li class=\"elementor-sitemap-item elementor-sitemap-item-post_tag cat-item cat-item-850\"><a href=\"https:\/\/draatv.net\/it\/tag\/xiaomi-mi-box\/\">Xiaomi Mi Box<\/a>\n<\/li>\n\t<li class=\"elementor-sitemap-item elementor-sitemap-item-post_tag cat-item cat-item-830\"><a href=\"https:\/\/draatv.net\/it\/tag\/zegemma-h9s\/\">Zegemma H9s<\/a>\n<\/li>\n<\/ul><\/div><\/div>\t\t\t\t<\/div>\n\t\t\t\t<\/div>\n\t\t\t\t\t<\/div>\n\t\t\t\t<\/div>\n\t\t\t\t<section class=\"elementor-section elementor-top-section elementor-element elementor-element-8a13159 elementor-section-stretched elementor-section-full_width elementor-section-height-default elementor-section-height-default\" data-id=\"8a13159\" data-element_type=\"section\" data-e-type=\"section\" data-settings=\"{&quot;stretch_section&quot;:&quot;section-stretched&quot;,&quot;background_background&quot;:&quot;gradient&quot;,&quot;shape_divider_top&quot;:&quot;opacity-fan&quot;}\">\n\t\t\t\t\t<div class=\"elementor-shape elementor-shape-top\" aria-hidden=\"true\" data-negative=\"false\">\n\t\t\t<svg xmlns=\"http:\/\/www.w3.org\/2000\/svg\" viewbox=\"0 0 283.5 19.6\" preserveaspectratio=\"none\">\n\t<path class=\"elementor-shape-fill\" style=\"opacity:0.33\" d=\"M0 0L0 18.8 141.8 4.1 283.5 18.8 283.5 0z\"\/>\n\t<path class=\"elementor-shape-fill\" style=\"opacity:0.33\" d=\"M0 0L0 12.6 141.8 4 283.5 12.6 283.5 0z\"\/>\n\t<path class=\"elementor-shape-fill\" style=\"opacity:0.33\" d=\"M0 0L0 6.4 141.8 4 283.5 6.4 283.5 0z\"\/>\n\t<path class=\"elementor-shape-fill\" d=\"M0 0L0 1.2 141.8 4 283.5 1.2 283.5 0z\"\/>\n<\/svg>\t\t<\/div>\n\t\t\t\t\t<div class=\"elementor-container elementor-column-gap-wider\">\n\t\t\t\t\t<div class=\"elementor-column elementor-col-100 elementor-top-column elementor-element elementor-element-b7e1d27\" data-id=\"b7e1d27\" data-element_type=\"column\" data-e-type=\"column\">\n\t\t\t<div class=\"elementor-widget-wrap elementor-element-populated\">\n\t\t\t\t<div class=\"elementor-element elementor-element-158f1c5 e-grid e-con-boxed e-con e-parent\" data-id=\"158f1c5\" data-element_type=\"container\" data-e-type=\"container\">\n\t\t\t\t\t<div class=\"e-con-inner\">\n\t\t<div class=\"elementor-element elementor-element-2b91871 e-con-full e-flex e-con e-child\" data-id=\"2b91871\" data-element_type=\"container\" data-e-type=\"container\">\n\t\t\t\t<div class=\"elementor-element elementor-element-0c52b86 elementor-widget elementor-widget-heading\" data-id=\"0c52b86\" data-element_type=\"widget\" data-e-type=\"widget\" data-widget_type=\"heading.default\">\n\t\t\t\t<div class=\"elementor-widget-container\">\n\t\t\t\t\t<h5 class=\"elementor-heading-title elementor-size-default\">Garanzia di rimborso al 100%<\/h5>\t\t\t\t<\/div>\n\t\t\t\t<\/div>\n\t\t\t\t<div class=\"elementor-element elementor-element-44527ac elementor-widget elementor-widget-image\" data-id=\"44527ac\" data-element_type=\"widget\" data-e-type=\"widget\" data-widget_type=\"image.default\">\n\t\t\t\t<div class=\"elementor-widget-container\">\n\t\t\t\t\t\t\t\t\t\t\t\t\t\t\t\t<a href=\"https:\/\/draatv.net\/it\/refund-policy\/\">\n\t\t\t\t\t\t\t<img loading=\"lazy\" decoding=\"async\" width=\"150\" height=\"150\" src=\"https:\/\/draatv.net\/wp-content\/uploads\/2025\/02\/Moeny-Back.webp\" class=\"attachment-full size-full wp-image-37952\" alt=\"100 % Geld-zur\u00fcck-Garantie-Abzeichen mit einem orangefarbenen Schild und einem H\u00e4kchen\" srcset=\"https:\/\/draatv.net\/wp-content\/uploads\/2025\/02\/Moeny-Back.webp 150w, https:\/\/draatv.net\/wp-content\/uploads\/2025\/02\/Moeny-Back-12x12.webp 12w, https:\/\/draatv.net\/wp-content\/uploads\/2025\/02\/Moeny-Back-75x75.webp 75w\" sizes=\"auto, (max-width:767px) 150px, 150px\" \/>\t\t\t\t\t\t\t\t<\/a>\n\t\t\t\t\t\t\t\t\t\t\t\t\t\t\t<\/div>\n\t\t\t\t<\/div>\n\t\t\t\t<\/div>\n\t\t<div class=\"elementor-element elementor-element-dec0ef2 e-con-full e-flex e-con e-child\" data-id=\"dec0ef2\" data-element_type=\"container\" data-e-type=\"container\">\n\t\t\t\t<div class=\"elementor-element elementor-element-4b61ffa elementor-widget elementor-widget-heading\" data-id=\"4b61ffa\" data-element_type=\"widget\" data-e-type=\"widget\" data-widget_type=\"heading.default\">\n\t\t\t\t<div class=\"elementor-widget-container\">\n\t\t\t\t\t<h5 class=\"elementor-heading-title elementor-size-default\">Connessione 100% sicura<\/h5>\t\t\t\t<\/div>\n\t\t\t\t<\/div>\n\t\t\t\t<div class=\"elementor-element elementor-element-9f94d81 elementor-widget elementor-widget-image\" data-id=\"9f94d81\" data-element_type=\"widget\" data-e-type=\"widget\" data-widget_type=\"image.default\">\n\t\t\t\t<div class=\"elementor-widget-container\">\n\t\t\t\t\t\t\t\t\t\t\t\t\t\t\t\t<a href=\"https:\/\/secure.trust-provider.com\/ttb_searcher\/trustlogo?v_querytype=W&#038;v_shortname=CL1&#038;v_search=https:\/\/draatv.net\/&#038;x=6&#038;y=5\" target=\"_blank\" id=\"comodoTL\">\n\t\t\t\t\t\t\t<img loading=\"lazy\" decoding=\"async\" width=\"150\" height=\"150\" src=\"https:\/\/draatv.net\/wp-content\/uploads\/2025\/02\/SSL.webp\" class=\"attachment-full size-full wp-image-37953\" alt=\"Abzeichen f\u00fcr sichere SSL-verschl\u00fcsselte Verbindung mit einem Globus und einem gr\u00fcnen Vorh\u00e4ngeschloss\" srcset=\"https:\/\/draatv.net\/wp-content\/uploads\/2025\/02\/SSL.webp 150w, https:\/\/draatv.net\/wp-content\/uploads\/2025\/02\/SSL-12x12.webp 12w, https:\/\/draatv.net\/wp-content\/uploads\/2025\/02\/SSL-75x75.webp 75w\" sizes=\"auto, (max-width:767px) 150px, 150px\" \/>\t\t\t\t\t\t\t\t<\/a>\n\t\t\t\t\t\t\t\t\t\t\t\t\t\t\t<\/div>\n\t\t\t\t<\/div>\n\t\t\t\t<\/div>\n\t\t<div class=\"elementor-element elementor-element-4ef5c93 e-con-full e-flex e-con e-child\" data-id=\"4ef5c93\" data-element_type=\"container\" data-e-type=\"container\">\n\t\t\t\t<div class=\"elementor-element elementor-element-adb8a6f elementor-widget elementor-widget-heading\" data-id=\"adb8a6f\" data-element_type=\"widget\" data-e-type=\"widget\" data-widget_type=\"heading.default\">\n\t\t\t\t<div class=\"elementor-widget-container\">\n\t\t\t\t\t<h5 class=\"elementor-heading-title elementor-size-default\">Protezione dei dati<\/h5>\t\t\t\t<\/div>\n\t\t\t\t<\/div>\n\t\t\t\t<div class=\"elementor-element elementor-element-7483c12 elementor-widget elementor-widget-image\" data-id=\"7483c12\" data-element_type=\"widget\" data-e-type=\"widget\" data-widget_type=\"image.default\">\n\t\t\t\t<div class=\"elementor-widget-container\">\n\t\t\t\t\t\t\t\t\t\t\t\t\t\t\t\t<a href=\"https:\/\/ico.org.uk\/ESDWebPages\/Entry\/ZB763409\" target=\"_blank\" rel=\"noopener\">\n\t\t\t\t\t\t\t<img loading=\"lazy\" decoding=\"async\" width=\"150\" height=\"150\" src=\"https:\/\/draatv.net\/wp-content\/uploads\/2025\/02\/GDPR.webp\" class=\"attachment-full size-full wp-image-37951\" alt=\"GDPR-Compliance-Abzeichen mit einem gr\u00fcnen Vorh\u00e4ngeschloss, umgeben von 12 orangefarbenen Sternen\" srcset=\"https:\/\/draatv.net\/wp-content\/uploads\/2025\/02\/GDPR.webp 150w, https:\/\/draatv.net\/wp-content\/uploads\/2025\/02\/GDPR-12x12.webp 12w, https:\/\/draatv.net\/wp-content\/uploads\/2025\/02\/GDPR-75x75.webp 75w\" sizes=\"auto, (max-width:767px) 150px, 150px\" \/>\t\t\t\t\t\t\t\t<\/a>\n\t\t\t\t\t\t\t\t\t\t\t\t\t\t\t<\/div>\n\t\t\t\t<\/div>\n\t\t\t\t<\/div>\n\t\t\t\t\t<\/div>\n\t\t\t\t<\/div>\n\t\t<div class=\"elementor-element elementor-element-bb6726c e-flex e-con-boxed e-con e-child\" data-id=\"bb6726c\" data-element_type=\"container\" data-e-type=\"container\">\n\t\t\t\t\t<div class=\"e-con-inner\">\n\t\t\t\t<div class=\"elementor-element elementor-element-31095bf elementor-widget elementor-widget-html\" data-id=\"31095bf\" data-element_type=\"widget\" data-e-type=\"widget\" data-widget_type=\"html.default\">\n\t\t\t\t<div class=\"elementor-widget-container\">\n\t\t\t\t\t<style>\r\n.footer {\r\n  display: flex;\r\n  flex-wrap: wrap;\r\n  justify-content: center;\r\n  align-items: center;\r\n  margin-bottom: 16px;\r\n}\r\n\r\n.footer .footerbutton {\r\n    color: #fff;\r\n  font-size: 16px;\r\n  font-weight: 500;\r\n  border-style: solid;\r\n  border-width: 1px 1px 1px 1px;\r\n  border-color: #ff;\r\n  border-radius: 24px;\r\n  padding: 8px 16px;\r\n  margin: 8px;\r\n  display: inline-block;\r\n  text-decoration: none;\r\n}\r\n\r\n\/* Media Query for screens smaller than 600px *\/\r\n@media (max-width: 600px) {\r\n  .footer .footerbutton {\r\n    font-size: 14px;\r\n    padding: 6px 12px;\r\n    margin: 4px;\r\n  }\r\n}\r\n<\/style>\r\n\r\n<br\/>\r\n<br\/>\r\n<div class=\"footer\">\r\n   <a class=\"footerbutton\" href=\"https:\/\/draatv.net\/it\/apk\/\" title=\"Scaricare\"><i class=\"icon-download\"><\/i> DraaTV v3.8<\/a>\r\n   <a class=\"footerbutton\" href=\"https:\/\/draatv.net\/it\/terms-of-use\/\" title=\"Termini di utilizzo\"><i class=\"fas fa-balance-scale\"><\/i> Termini di utilizzo<\/a>\r\n   <a class=\"footerbutton\" href=\"https:\/\/draatv.net\/it\/privacy-policy\/\" title=\"Informativa sulla privacy\"><i class=\"fas fa-user-lock\"><\/i> Informativa sulla privacy <\/a>\r\n   <a class=\"footerbutton\" href=\"https:\/\/draatv.net\/it\/refund-policy\/\" title=\"Refund\"><i class=\"icon-money-line\"><\/i> Rimborso<\/a>\r\n<\/div>\r\n\t\t\t\t<\/div>\n\t\t\t\t<\/div>\n\t\t\t\t\t<\/div>\n\t\t\t\t<\/div>\n\t\t\t\t\t<\/div>\n\t\t<\/div>\n\t\t\t\t\t<\/div>\n\t\t<\/section>\n\t\t\t\t<\/div>","protected":false},"excerpt":{"rendered":"<p>100% Geld Zur\u00fcck Garantie 100% Sicher Verbindung Datenschutz DraaTV v3.8 Nutzungsbedingungen Datenschutzerkl\u00e4rung R\u00fcckerstattung<\/p>","protected":false},"author":438,"featured_media":0,"parent":0,"menu_order":0,"comment_status":"closed","ping_status":"closed","template":"","meta":{"_surecart_dashboard_logo_width":"180px","_surecart_dashboard_show_logo":true,"_surecart_dashboard_navigation_orders":true,"_surecart_dashboard_navigation_invoices":true,"_surecart_dashboard_navigation_subscriptions":true,"_surecart_dashboard_navigation_downloads":true,"_surecart_dashboard_navigation_billing":true,"_surecart_dashboard_navigation_account":true,"footnotes":""},"class_list":["post-31382","page","type-page","status-publish","hentry"],"_links":{"self":[{"href":"https:\/\/draatv.net\/it\/wp-json\/wp\/v2\/pages\/31382","targetHints":{"allow":["GET"]}}],"collection":[{"href":"https:\/\/draatv.net\/it\/wp-json\/wp\/v2\/pages"}],"about":[{"href":"https:\/\/draatv.net\/it\/wp-json\/wp\/v2\/types\/page"}],"author":[{"embeddable":true,"href":"https:\/\/draatv.net\/it\/wp-json\/wp\/v2\/users\/438"}],"replies":[{"embeddable":true,"href":"https:\/\/draatv.net\/it\/wp-json\/wp\/v2\/comments?post=31382"}],"version-history":[{"count":0,"href":"https:\/\/draatv.net\/it\/wp-json\/wp\/v2\/pages\/31382\/revisions"}],"wp:attachment":[{"href":"https:\/\/draatv.net\/it\/wp-json\/wp\/v2\/media?parent=31382"}],"curies":[{"name":"wp","href":"https:\/\/api.w.org\/{rel}","templated":true}]}}