{"id":13912,"date":"2023-06-10T20:39:22","date_gmt":"2023-06-10T20:39:22","guid":{"rendered":"https:\/\/tv.draadigital.com\/?page_id=13912"},"modified":"2025-02-20T10:43:33","modified_gmt":"2025-02-20T10:43:33","slug":"a-propos","status":"publish","type":"page","link":"https:\/\/draatv.net\/it\/a-propos\/","title":{"rendered":"Informazioni su DraaTV"},"content":{"rendered":"<div data-elementor-type=\"wp-page\" data-elementor-id=\"13912\" class=\"elementor elementor-13912\" data-elementor-post-type=\"page\">\n\t\t\t\t<div class=\"elementor-element elementor-element-992b13e e-flex e-con-boxed e-con e-parent\" data-id=\"992b13e\" data-element_type=\"container\" data-e-type=\"container\">\n\t\t\t\t\t<div class=\"e-con-inner\">\n\t\t<div class=\"elementor-element elementor-element-c30a527 e-con-full e-flex e-con e-child\" data-id=\"c30a527\" data-element_type=\"container\" data-e-type=\"container\">\n\t\t\t\t<div class=\"elementor-element elementor-element-50c5540 elementor-widget elementor-widget-image\" data-id=\"50c5540\" data-element_type=\"widget\" data-e-type=\"widget\" data-widget_type=\"image.default\">\n\t\t\t\t<div class=\"elementor-widget-container\">\n\t\t\t\t\t\t\t\t\t\t\t\t\t\t\t<img decoding=\"async\" src=\"https:\/\/draatv.net\/wp-content\/uploads\/2023\/11\/DraaDigital.webp\" title=\"\" alt=\"\" loading=\"lazy\" \/>\t\t\t\t\t\t\t\t\t\t\t\t\t\t\t<\/div>\n\t\t\t\t<\/div>\n\t\t\t\t<\/div>\n\t\t<div class=\"elementor-element elementor-element-ef3f9d6 e-con-full e-flex e-con e-child\" data-id=\"ef3f9d6\" data-element_type=\"container\" data-e-type=\"container\">\n\t\t\t\t<div class=\"elementor-element elementor-element-f6633b0 elementor-widget elementor-widget-heading\" data-id=\"f6633b0\" data-element_type=\"widget\" data-e-type=\"widget\" data-widget_type=\"heading.default\">\n\t\t\t\t<div class=\"elementor-widget-container\">\n\t\t\t\t\t<h1 class=\"elementor-heading-title elementor-size-default\">Informazioni su DraaTV<\/h1>\t\t\t\t<\/div>\n\t\t\t\t<\/div>\n\t\t\t\t<\/div>\n\t\t\t\t\t<\/div>\n\t\t\t\t<\/div>\n\t\t<div class=\"elementor-element elementor-element-d38c887 e-flex e-con-boxed e-con e-parent\" data-id=\"d38c887\" data-element_type=\"container\" data-e-type=\"container\">\n\t\t\t\t\t<div class=\"e-con-inner\">\n\t\t<div class=\"elementor-element elementor-element-a69b88c e-flex e-con-boxed e-con e-child\" data-id=\"a69b88c\" data-element_type=\"container\" data-e-type=\"container\">\n\t\t\t\t\t<div class=\"e-con-inner\">\n\t\t\t\t<div class=\"elementor-element elementor-element-c9e52f0 elementor-widget__width-initial elementor-widget elementor-widget-image\" data-id=\"c9e52f0\" data-element_type=\"widget\" data-e-type=\"widget\" data-widget_type=\"image.default\">\n\t\t\t\t<div class=\"elementor-widget-container\">\n\t\t\t\t\t\t\t\t\t\t\t\t\t\t\t<img loading=\"lazy\" decoding=\"async\" width=\"400\" height=\"400\" src=\"https:\/\/draatv.net\/wp-content\/uploads\/2024\/09\/DraaTV-Website-Logo.webp\" class=\"attachment-full size-full wp-image-29844\" alt=\"DraaTV Logo\" srcset=\"https:\/\/draatv.net\/wp-content\/uploads\/2024\/09\/DraaTV-Website-Logo.webp 400w, https:\/\/draatv.net\/wp-content\/uploads\/2024\/09\/DraaTV-Website-Logo-300x300.webp 300w, https:\/\/draatv.net\/wp-content\/uploads\/2024\/09\/DraaTV-Website-Logo-150x150.webp 150w, https:\/\/draatv.net\/wp-content\/uploads\/2024\/09\/DraaTV-Website-Logo-75x75.webp 75w\" sizes=\"auto, (max-width:767px) 400px, 400px\" \/>\t\t\t\t\t\t\t\t\t\t\t\t\t\t\t<\/div>\n\t\t\t\t<\/div>\n\t\t\t\t\t<\/div>\n\t\t\t\t<\/div>\n\t\t<div class=\"elementor-element elementor-element-7660700 e-con-full e-flex e-con e-child\" data-id=\"7660700\" data-element_type=\"container\" data-e-type=\"container\">\n\t\t\t\t<div class=\"elementor-element elementor-element-052f217 elementor-widget elementor-widget-text-editor\" data-id=\"052f217\" data-element_type=\"widget\" data-e-type=\"widget\" data-widget_type=\"text-editor.default\">\n\t\t\t\t<div class=\"elementor-widget-container\">\n\t\t\t\t\t\t\t\t\t<h2>DraaTV<\/h2>\nLa piattaforma all'avanguardia \u00e8 progettata esclusivamente per gli operatori IPTV. draatv.com sta rivoluzionando il modo in cui i servizi IPTV vengono forniti e utilizzati, offrendo agli abbonati un'esperienza di intrattenimento senza soluzione di continuit\u00e0 e senza precedenti.\ndraatv.com dispone di un'interfaccia intuitiva e facile da usare che consente agli operatori IPTV di gestire facilmente tutto il loro ecosistema di contenuti. Dall'acquisizione e gestione dei contenuti alla fatturazione degli abbonati e al supporto clienti, draatv.com offre una piattaforma completa e unificata che ottimizza tutti gli aspetti delle operazioni IPTV.\n\nCon draatv.com, gli operatori IPTV possono creare un catalogo di contenuti personalizzato, adattato alle preferenze individuali dei loro abbonati. La piattaforma supporta una vasta gamma di formati di contenuti, tra cui canali TV in diretta, film e programmi TV on-demand, oltre a contenuti premium esclusivi. La ricerca di contenuti \u00e8 facilitata da algoritmi di raccomandazione avanzati che analizzano le abitudini di visione e forniscono suggerimenti su misura per garantire che gli abbonati non perdano mai i loro programmi preferiti.\t\t\t\t\t\t\t\t<\/div>\n\t\t\t\t<\/div>\n\t\t\t\t<\/div>\n\t\t\t\t\t<\/div>\n\t\t\t\t<\/div>\n\t\t<div class=\"elementor-element elementor-element-3fdfe1f e-flex e-con-boxed e-con e-parent\" data-id=\"3fdfe1f\" data-element_type=\"container\" data-e-type=\"container\">\n\t\t\t\t\t<div class=\"e-con-inner\">\n\t\t<div class=\"elementor-element elementor-element-49267eb e-con-full e-flex e-con e-child\" data-id=\"49267eb\" data-element_type=\"container\" data-e-type=\"container\">\n\t\t\t\t<div class=\"elementor-element elementor-element-1496d12 elementor-widget elementor-widget-text-editor\" data-id=\"1496d12\" data-element_type=\"widget\" data-e-type=\"widget\" data-widget_type=\"text-editor.default\">\n\t\t\t\t<div class=\"elementor-widget-container\">\n\t\t\t\t\t\t\t\t\t<h2>draatv.com<\/h2>\nOffre inoltre robuste funzioni di monetizzazione che consentono agli operatori IPTV di generare entrate da pi\u00f9 fonti. Queste includono modelli di prezzo basati su abbonamento, opzioni pay-per-view, integrazione pubblicitaria e acquisti in-app. La piattaforma fornisce strumenti di analisi e reportistica dettagliati che offrono agli operatori IPTV preziose informazioni sul comportamento degli abbonati, sulle prestazioni dei contenuti e sulla generazione di entrate.\n\ndraatv.com \u00e8 progettato per la scalabilit\u00e0 e la flessibilit\u00e0, il che lo rende adatto a operatori IPTV di qualsiasi dimensione. La piattaforma supporta l'integrazione senza problemi nell'infrastruttura IPTV esistente, consentendo una migrazione senza interruzioni. draatv.com offre anche opzioni di personalizzazione che consentono agli operatori IPTV di marchiare la piattaforma con il proprio logo, colori e temi, offrendo cos\u00ec agli abbonati un'esperienza coerente e orientata al marchio.\t\t\t\t\t\t\t\t<\/div>\n\t\t\t\t<\/div>\n\t\t\t\t<\/div>\n\t\t<div class=\"elementor-element elementor-element-d890f6c e-flex e-con-boxed e-con e-child\" data-id=\"d890f6c\" data-element_type=\"container\" data-e-type=\"container\">\n\t\t\t\t\t<div class=\"e-con-inner\">\n\t\t\t\t<div class=\"elementor-element elementor-element-fae60f9 elementor-widget elementor-widget-image\" data-id=\"fae60f9\" data-element_type=\"widget\" data-e-type=\"widget\" data-widget_type=\"image.default\">\n\t\t\t\t<div class=\"elementor-widget-container\">\n\t\t\t\t\t\t\t\t\t\t\t\t\t\t\t<img loading=\"lazy\" decoding=\"async\" width=\"1024\" height=\"719\" src=\"https:\/\/draatv.net\/wp-content\/uploads\/2024\/09\/manager-1140.9dddec8c-1024x719.webp\" class=\"attachment-large size-large wp-image-30041\" alt=\"Aggiornamento del sistema server\" srcset=\"https:\/\/draatv.net\/wp-content\/uploads\/2024\/09\/manager-1140.9dddec8c-1024x719.webp 1024w, https:\/\/draatv.net\/wp-content\/uploads\/2024\/09\/manager-1140.9dddec8c-300x211.webp 300w, https:\/\/draatv.net\/wp-content\/uploads\/2024\/09\/manager-1140.9dddec8c-768x539.webp 768w, https:\/\/draatv.net\/wp-content\/uploads\/2024\/09\/manager-1140.9dddec8c-107x75.webp 107w, https:\/\/draatv.net\/wp-content\/uploads\/2024\/09\/manager-1140.9dddec8c-895x628.webp 895w, https:\/\/draatv.net\/wp-content\/uploads\/2024\/09\/manager-1140.9dddec8c-480x337.webp 480w, https:\/\/draatv.net\/wp-content\/uploads\/2024\/09\/manager-1140.9dddec8c.webp 1140w\" sizes=\"auto, (max-width:767px) 480px, (max-width:1024px) 100vw, 1024px\" \/>\t\t\t\t\t\t\t\t\t\t\t\t\t\t\t<\/div>\n\t\t\t\t<\/div>\n\t\t\t\t\t<\/div>\n\t\t\t\t<\/div>\n\t\t\t\t\t<\/div>\n\t\t\t\t<\/div>\n\t\t<div class=\"elementor-element elementor-element-f43215c e-flex e-con-boxed e-con e-parent\" data-id=\"f43215c\" data-element_type=\"container\" data-e-type=\"container\">\n\t\t\t\t\t<div class=\"e-con-inner\">\n\t\t<div class=\"elementor-element elementor-element-cf2c3f3 e-flex e-con-boxed e-con e-child\" data-id=\"cf2c3f3\" data-element_type=\"container\" data-e-type=\"container\">\n\t\t\t\t\t<div class=\"e-con-inner\">\n\t\t\t\t<div class=\"elementor-element elementor-element-48a9741 elementor-widget elementor-widget-image\" data-id=\"48a9741\" data-element_type=\"widget\" data-e-type=\"widget\" data-widget_type=\"image.default\">\n\t\t\t\t<div class=\"elementor-widget-container\">\n\t\t\t\t\t\t\t\t\t\t\t\t\t\t\t<img loading=\"lazy\" decoding=\"async\" width=\"1024\" height=\"719\" src=\"https:\/\/draatv.net\/wp-content\/uploads\/2024\/09\/servers-1140.166e5250-1024x719.webp\" class=\"attachment-large size-large wp-image-30042\" alt=\"Manutenzione del server\" srcset=\"https:\/\/draatv.net\/wp-content\/uploads\/2024\/09\/servers-1140.166e5250-1024x719.webp 1024w, https:\/\/draatv.net\/wp-content\/uploads\/2024\/09\/servers-1140.166e5250-300x211.webp 300w, https:\/\/draatv.net\/wp-content\/uploads\/2024\/09\/servers-1140.166e5250-768x539.webp 768w, https:\/\/draatv.net\/wp-content\/uploads\/2024\/09\/servers-1140.166e5250-107x75.webp 107w, https:\/\/draatv.net\/wp-content\/uploads\/2024\/09\/servers-1140.166e5250-895x628.webp 895w, https:\/\/draatv.net\/wp-content\/uploads\/2024\/09\/servers-1140.166e5250-480x337.webp 480w, https:\/\/draatv.net\/wp-content\/uploads\/2024\/09\/servers-1140.166e5250.webp 1140w\" sizes=\"auto, (max-width:767px) 480px, (max-width:1024px) 100vw, 1024px\" \/>\t\t\t\t\t\t\t\t\t\t\t\t\t\t\t<\/div>\n\t\t\t\t<\/div>\n\t\t\t\t\t<\/div>\n\t\t\t\t<\/div>\n\t\t<div class=\"elementor-element elementor-element-1673d51 e-con-full e-flex e-con e-child\" data-id=\"1673d51\" data-element_type=\"container\" data-e-type=\"container\">\n\t\t\t\t<div class=\"elementor-element elementor-element-071d008 elementor-widget elementor-widget-text-editor\" data-id=\"071d008\" data-element_type=\"widget\" data-e-type=\"widget\" data-widget_type=\"text-editor.default\">\n\t\t\t\t<div class=\"elementor-widget-container\">\n\t\t\t\t\t\t\t\t\tLa sicurezza \u00e8 la nostra massima priorit\u00e0\n<h4>draatv.com<\/h4>\n, Dotato di un robusto DRM (Digital Rights Management) e misure di protezione dei contenuti per prevenire l'accesso non autorizzato e la pirateria. La piattaforma viene costantemente aggiornata con le ultime patch di sicurezza e sottoposta a regolari verifiche di sicurezza per garantire la massima protezione per gli operatori IPTV e i loro abbonati.\n\nCon le sue funzionalit\u00e0 all'avanguardia, l'integrazione perfetta e le capacit\u00e0 complete di gestione dei contenuti, draatv.com \u00e8 la piattaforma definitiva per gli operatori IPTV per offrire ai propri abbonati un'esperienza di intrattenimento senza precedenti, aumentare i ricavi e rimanere all'avanguardia del panorama IPTV in continua evoluzione.\t\t\t\t\t\t\t\t<\/div>\n\t\t\t\t<\/div>\n\t\t\t\t<\/div>\n\t\t\t\t\t<\/div>\n\t\t\t\t<\/div>\n\t\t\t\t<section class=\"elementor-section elementor-top-section elementor-element elementor-element-bc8a0d7 elementor-section-stretched elementor-section-full_width elementor-section-height-default elementor-section-height-default\" data-id=\"bc8a0d7\" data-element_type=\"section\" data-e-type=\"section\" data-settings=\"{&quot;stretch_section&quot;:&quot;section-stretched&quot;,&quot;background_background&quot;:&quot;gradient&quot;,&quot;shape_divider_top&quot;:&quot;opacity-fan&quot;}\">\n\t\t\t\t\t<div class=\"elementor-shape elementor-shape-top\" aria-hidden=\"true\" data-negative=\"false\">\n\t\t\t<svg xmlns=\"http:\/\/www.w3.org\/2000\/svg\" viewbox=\"0 0 283.5 19.6\" preserveaspectratio=\"none\">\n\t<path class=\"elementor-shape-fill\" style=\"opacity:0.33\" d=\"M0 0L0 18.8 141.8 4.1 283.5 18.8 283.5 0z\"\/>\n\t<path class=\"elementor-shape-fill\" style=\"opacity:0.33\" d=\"M0 0L0 12.6 141.8 4 283.5 12.6 283.5 0z\"\/>\n\t<path class=\"elementor-shape-fill\" style=\"opacity:0.33\" d=\"M0 0L0 6.4 141.8 4 283.5 6.4 283.5 0z\"\/>\n\t<path class=\"elementor-shape-fill\" d=\"M0 0L0 1.2 141.8 4 283.5 1.2 283.5 0z\"\/>\n<\/svg>\t\t<\/div>\n\t\t\t\t\t<div class=\"elementor-container elementor-column-gap-wider\">\n\t\t\t\t\t<div class=\"elementor-column elementor-col-100 elementor-top-column elementor-element elementor-element-49b277a\" data-id=\"49b277a\" data-element_type=\"column\" data-e-type=\"column\">\n\t\t\t<div class=\"elementor-widget-wrap elementor-element-populated\">\n\t\t\t\t<div class=\"elementor-element elementor-element-96fd0cc e-grid e-con-boxed e-con e-parent\" data-id=\"96fd0cc\" data-element_type=\"container\" data-e-type=\"container\">\n\t\t\t\t\t<div class=\"e-con-inner\">\n\t\t<div class=\"elementor-element elementor-element-315c23d e-con-full e-flex e-con e-child\" data-id=\"315c23d\" data-element_type=\"container\" data-e-type=\"container\">\n\t\t\t\t<div class=\"elementor-element elementor-element-c24f32c elementor-widget elementor-widget-heading\" data-id=\"c24f32c\" data-element_type=\"widget\" data-e-type=\"widget\" data-widget_type=\"heading.default\">\n\t\t\t\t<div class=\"elementor-widget-container\">\n\t\t\t\t\t<h5 class=\"elementor-heading-title elementor-size-default\">Garanzia di rimborso al 100%<\/h5>\t\t\t\t<\/div>\n\t\t\t\t<\/div>\n\t\t\t\t<div class=\"elementor-element elementor-element-cb27dc7 elementor-widget elementor-widget-image\" data-id=\"cb27dc7\" data-element_type=\"widget\" data-e-type=\"widget\" data-widget_type=\"image.default\">\n\t\t\t\t<div class=\"elementor-widget-container\">\n\t\t\t\t\t\t\t\t\t\t\t\t\t\t\t\t<a href=\"https:\/\/draatv.net\/it\/refund-policy\/\">\n\t\t\t\t\t\t\t<img loading=\"lazy\" decoding=\"async\" width=\"150\" height=\"150\" src=\"https:\/\/draatv.net\/wp-content\/uploads\/2025\/02\/Moeny-Back.webp\" class=\"attachment-full size-full wp-image-37952\" alt=\"100 % Geld-zur\u00fcck-Garantie-Abzeichen mit einem orangefarbenen Schild und einem H\u00e4kchen\" srcset=\"https:\/\/draatv.net\/wp-content\/uploads\/2025\/02\/Moeny-Back.webp 150w, https:\/\/draatv.net\/wp-content\/uploads\/2025\/02\/Moeny-Back-12x12.webp 12w, https:\/\/draatv.net\/wp-content\/uploads\/2025\/02\/Moeny-Back-75x75.webp 75w\" sizes=\"auto, (max-width:767px) 150px, 150px\" \/>\t\t\t\t\t\t\t\t<\/a>\n\t\t\t\t\t\t\t\t\t\t\t\t\t\t\t<\/div>\n\t\t\t\t<\/div>\n\t\t\t\t<\/div>\n\t\t<div class=\"elementor-element elementor-element-18dfa42 e-con-full e-flex e-con e-child\" data-id=\"18dfa42\" data-element_type=\"container\" data-e-type=\"container\">\n\t\t\t\t<div class=\"elementor-element elementor-element-022275a elementor-widget elementor-widget-heading\" data-id=\"022275a\" data-element_type=\"widget\" data-e-type=\"widget\" data-widget_type=\"heading.default\">\n\t\t\t\t<div class=\"elementor-widget-container\">\n\t\t\t\t\t<h5 class=\"elementor-heading-title elementor-size-default\">Connessione 100% sicura<\/h5>\t\t\t\t<\/div>\n\t\t\t\t<\/div>\n\t\t\t\t<div class=\"elementor-element elementor-element-e27bc7f elementor-widget elementor-widget-image\" data-id=\"e27bc7f\" data-element_type=\"widget\" data-e-type=\"widget\" data-widget_type=\"image.default\">\n\t\t\t\t<div class=\"elementor-widget-container\">\n\t\t\t\t\t\t\t\t\t\t\t\t\t\t\t\t<a href=\"https:\/\/secure.trust-provider.com\/ttb_searcher\/trustlogo?v_querytype=W&#038;v_shortname=CL1&#038;v_search=https:\/\/draatv.net\/&#038;x=6&#038;y=5\" target=\"_blank\" id=\"comodoTL\">\n\t\t\t\t\t\t\t<img loading=\"lazy\" decoding=\"async\" width=\"150\" height=\"150\" src=\"https:\/\/draatv.net\/wp-content\/uploads\/2025\/02\/SSL.webp\" class=\"attachment-full size-full wp-image-37953\" alt=\"Abzeichen f\u00fcr sichere SSL-verschl\u00fcsselte Verbindung mit einem Globus und einem gr\u00fcnen Vorh\u00e4ngeschloss\" srcset=\"https:\/\/draatv.net\/wp-content\/uploads\/2025\/02\/SSL.webp 150w, https:\/\/draatv.net\/wp-content\/uploads\/2025\/02\/SSL-12x12.webp 12w, https:\/\/draatv.net\/wp-content\/uploads\/2025\/02\/SSL-75x75.webp 75w\" sizes=\"auto, (max-width:767px) 150px, 150px\" \/>\t\t\t\t\t\t\t\t<\/a>\n\t\t\t\t\t\t\t\t\t\t\t\t\t\t\t<\/div>\n\t\t\t\t<\/div>\n\t\t\t\t<\/div>\n\t\t<div class=\"elementor-element elementor-element-e651540 e-con-full e-flex e-con e-child\" data-id=\"e651540\" data-element_type=\"container\" data-e-type=\"container\">\n\t\t\t\t<div class=\"elementor-element elementor-element-368cc26 elementor-widget elementor-widget-heading\" data-id=\"368cc26\" data-element_type=\"widget\" data-e-type=\"widget\" data-widget_type=\"heading.default\">\n\t\t\t\t<div class=\"elementor-widget-container\">\n\t\t\t\t\t<h5 class=\"elementor-heading-title elementor-size-default\">Protezione dei dati<\/h5>\t\t\t\t<\/div>\n\t\t\t\t<\/div>\n\t\t\t\t<div class=\"elementor-element elementor-element-4c93a13 elementor-widget elementor-widget-image\" data-id=\"4c93a13\" data-element_type=\"widget\" data-e-type=\"widget\" data-widget_type=\"image.default\">\n\t\t\t\t<div class=\"elementor-widget-container\">\n\t\t\t\t\t\t\t\t\t\t\t\t\t\t\t\t<a href=\"https:\/\/ico.org.uk\/ESDWebPages\/Entry\/ZB763409\" target=\"_blank\" rel=\"noopener\">\n\t\t\t\t\t\t\t<img loading=\"lazy\" decoding=\"async\" width=\"150\" height=\"150\" src=\"https:\/\/draatv.net\/wp-content\/uploads\/2025\/02\/GDPR.webp\" class=\"attachment-full size-full wp-image-37951\" alt=\"GDPR-Compliance-Abzeichen mit einem gr\u00fcnen Vorh\u00e4ngeschloss, umgeben von 12 orangefarbenen Sternen\" srcset=\"https:\/\/draatv.net\/wp-content\/uploads\/2025\/02\/GDPR.webp 150w, https:\/\/draatv.net\/wp-content\/uploads\/2025\/02\/GDPR-12x12.webp 12w, https:\/\/draatv.net\/wp-content\/uploads\/2025\/02\/GDPR-75x75.webp 75w\" sizes=\"auto, (max-width:767px) 150px, 150px\" \/>\t\t\t\t\t\t\t\t<\/a>\n\t\t\t\t\t\t\t\t\t\t\t\t\t\t\t<\/div>\n\t\t\t\t<\/div>\n\t\t\t\t<\/div>\n\t\t\t\t\t<\/div>\n\t\t\t\t<\/div>\n\t\t<div class=\"elementor-element elementor-element-214976b e-flex e-con-boxed e-con e-child\" data-id=\"214976b\" data-element_type=\"container\" data-e-type=\"container\">\n\t\t\t\t\t<div class=\"e-con-inner\">\n\t\t\t\t<div class=\"elementor-element elementor-element-33cca2b elementor-widget elementor-widget-html\" data-id=\"33cca2b\" data-element_type=\"widget\" data-e-type=\"widget\" data-widget_type=\"html.default\">\n\t\t\t\t<div class=\"elementor-widget-container\">\n\t\t\t\t\t<style>\r\n.footer {\r\n  display: flex;\r\n  flex-wrap: wrap;\r\n  justify-content: center;\r\n  align-items: center;\r\n  margin-bottom: 16px;\r\n}\r\n\r\n.footer .footerbutton {\r\n    color: #fff;\r\n  font-size: 16px;\r\n  font-weight: 500;\r\n  border-style: solid;\r\n  border-width: 1px 1px 1px 1px;\r\n  border-color: #ff;\r\n  border-radius: 24px;\r\n  padding: 8px 16px;\r\n  margin: 8px;\r\n  display: inline-block;\r\n  text-decoration: none;\r\n}\r\n\r\n\/* Media Query for screens smaller than 600px *\/\r\n@media (max-width: 600px) {\r\n  .footer .footerbutton {\r\n    font-size: 14px;\r\n    padding: 6px 12px;\r\n    margin: 4px;\r\n  }\r\n}\r\n<\/style>\r\n\r\n<br\/>\r\n<br\/>\r\n<div class=\"footer\">\r\n   <a class=\"footerbutton\" href=\"https:\/\/draatv.net\/it\/apk\/\" title=\"Scaricare\"><i class=\"icon-download\"><\/i> DraaTV v3.8<\/a>\r\n   <a class=\"footerbutton\" href=\"https:\/\/draatv.net\/it\/terms-of-use\/\" title=\"Termini di utilizzo\"><i class=\"fas fa-balance-scale\"><\/i> Termini di utilizzo<\/a>\r\n   <a class=\"footerbutton\" href=\"https:\/\/draatv.net\/it\/privacy-policy\/\" title=\"Informativa sulla privacy\"><i class=\"fas fa-user-lock\"><\/i> Informativa sulla privacy <\/a>\r\n   <a class=\"footerbutton\" href=\"https:\/\/draatv.net\/it\/refund-policy\/\" title=\"Refund\"><i class=\"icon-money-line\"><\/i> Rimborso<\/a>\r\n<\/div>\r\n\t\t\t\t<\/div>\n\t\t\t\t<\/div>\n\t\t\t\t\t<\/div>\n\t\t\t\t<\/div>\n\t\t\t\t\t<\/div>\n\t\t<\/div>\n\t\t\t\t\t<\/div>\n\t\t<\/section>\n\t\t\t\t<\/div>","protected":false},"excerpt":{"rendered":"<p>\u00dcber DraaTV DraaTV Die hochmoderne Plattform ist ausschlie\u00dflich f\u00fcr IPTV-Betreiber konzipiert. draatv.com revolutioniert die Art und Weise, wie IPTV-Dienste bereitgestellt und genutzt werden, und bietet Abonnenten<span class=\"excerpt-hellip\"> [\u2026]<\/span><\/p>\n","protected":false},"author":438,"featured_media":0,"parent":0,"menu_order":0,"comment_status":"closed","ping_status":"closed","template":"elementor_header_footer","meta":{"_surecart_dashboard_logo_width":"180px","_surecart_dashboard_show_logo":true,"_surecart_dashboard_navigation_orders":true,"_surecart_dashboard_navigation_invoices":true,"_surecart_dashboard_navigation_subscriptions":true,"_surecart_dashboard_navigation_downloads":true,"_surecart_dashboard_navigation_billing":true,"_surecart_dashboard_navigation_account":true,"footnotes":""},"class_list":["post-13912","page","type-page","status-publish","hentry"],"_links":{"self":[{"href":"https:\/\/draatv.net\/it\/wp-json\/wp\/v2\/pages\/13912","targetHints":{"allow":["GET"]}}],"collection":[{"href":"https:\/\/draatv.net\/it\/wp-json\/wp\/v2\/pages"}],"about":[{"href":"https:\/\/draatv.net\/it\/wp-json\/wp\/v2\/types\/page"}],"author":[{"embeddable":true,"href":"https:\/\/draatv.net\/it\/wp-json\/wp\/v2\/users\/438"}],"replies":[{"embeddable":true,"href":"https:\/\/draatv.net\/it\/wp-json\/wp\/v2\/comments?post=13912"}],"version-history":[{"count":0,"href":"https:\/\/draatv.net\/it\/wp-json\/wp\/v2\/pages\/13912\/revisions"}],"wp:attachment":[{"href":"https:\/\/draatv.net\/it\/wp-json\/wp\/v2\/media?parent=13912"}],"curies":[{"name":"wp","href":"https:\/\/api.w.org\/{rel}","templated":true}]}}