{"id":37691,"date":"2025-02-01T00:23:17","date_gmt":"2025-02-01T00:23:17","guid":{"rendered":"https:\/\/draatv.com\/?page_id=37691"},"modified":"2026-04-06T20:31:46","modified_gmt":"2026-04-06T20:31:46","slug":"panel","status":"publish","type":"page","link":"https:\/\/draatv.net\/fr\/panel\/","title":{"rendered":"Meine Daten"},"content":{"rendered":"<div data-elementor-type=\"wp-page\" data-elementor-id=\"37691\" class=\"elementor elementor-37691\" data-elementor-post-type=\"page\">\n\t\t\t\t\t\t<section class=\"elementor-section elementor-top-section elementor-element elementor-element-79c9ad7 elementor-section-stretched elementor-section-full_width elementor-section-height-default elementor-section-height-default\" data-id=\"79c9ad7\" data-element_type=\"section\" data-e-type=\"section\" data-settings=\"{&quot;stretch_section&quot;:&quot;section-stretched&quot;}\">\n\t\t\t\t\t\t<div class=\"elementor-container elementor-column-gap-default\">\n\t\t\t\t\t<div class=\"elementor-column elementor-col-100 elementor-top-column elementor-element elementor-element-18a11b7\" data-id=\"18a11b7\" data-element_type=\"column\" data-e-type=\"column\">\n\t\t\t<div class=\"elementor-widget-wrap elementor-element-populated\">\n\t\t\t\t<div class=\"elementor-element elementor-element-bba8406 e-con-full e-flex e-con e-parent\" data-id=\"bba8406\" data-element_type=\"container\" data-e-type=\"container\">\n\t\t\t\t<div class=\"elementor-element elementor-element-002440b elementor-widget elementor-widget-spacer\" data-id=\"002440b\" data-element_type=\"widget\" data-e-type=\"widget\" data-widget_type=\"spacer.default\">\n\t\t\t\t<div class=\"elementor-widget-container\">\n\t\t\t\t\t\t\t<div class=\"elementor-spacer\">\n\t\t\t<div class=\"elementor-spacer-inner\"><\/div>\n\t\t<\/div>\n\t\t\t\t\t\t<\/div>\n\t\t\t\t<\/div>\n\t\t\t\t<div class=\"elementor-element elementor-element-67d0111 elementor-widget elementor-widget-spacer\" data-id=\"67d0111\" data-element_type=\"widget\" data-e-type=\"widget\" data-widget_type=\"spacer.default\">\n\t\t\t\t<div class=\"elementor-widget-container\">\n\t\t\t\t\t\t\t<div class=\"elementor-spacer\">\n\t\t\t<div class=\"elementor-spacer-inner\"><\/div>\n\t\t<\/div>\n\t\t\t\t\t\t<\/div>\n\t\t\t\t<\/div>\n\t\t\t\t<\/div>\n\t\t\t\t\t<\/div>\n\t\t<\/div>\n\t\t\t\t\t<\/div>\n\t\t<\/section>\n\t\t\t\t<section class=\"elementor-section elementor-top-section elementor-element elementor-element-91237b4 elementor-section-stretched elementor-section-full_width elementor-section-height-default elementor-section-height-default\" data-id=\"91237b4\" data-element_type=\"section\" data-e-type=\"section\" data-settings=\"{&quot;stretch_section&quot;:&quot;section-stretched&quot;,&quot;background_background&quot;:&quot;gradient&quot;,&quot;shape_divider_top&quot;:&quot;opacity-fan&quot;}\">\n\t\t\t\t\t<div class=\"elementor-shape elementor-shape-top\" aria-hidden=\"true\" data-negative=\"false\">\n\t\t\t<svg xmlns=\"http:\/\/www.w3.org\/2000\/svg\" viewbox=\"0 0 283.5 19.6\" preserveaspectratio=\"none\">\n\t<path class=\"elementor-shape-fill\" style=\"opacity:0.33\" d=\"M0 0L0 18.8 141.8 4.1 283.5 18.8 283.5 0z\"\/>\n\t<path class=\"elementor-shape-fill\" style=\"opacity:0.33\" d=\"M0 0L0 12.6 141.8 4 283.5 12.6 283.5 0z\"\/>\n\t<path class=\"elementor-shape-fill\" style=\"opacity:0.33\" d=\"M0 0L0 6.4 141.8 4 283.5 6.4 283.5 0z\"\/>\n\t<path class=\"elementor-shape-fill\" d=\"M0 0L0 1.2 141.8 4 283.5 1.2 283.5 0z\"\/>\n<\/svg>\t\t<\/div>\n\t\t\t\t\t<div class=\"elementor-container elementor-column-gap-wider\">\n\t\t\t\t\t<div class=\"elementor-column elementor-col-100 elementor-top-column elementor-element elementor-element-484c3b0\" data-id=\"484c3b0\" data-element_type=\"column\" data-e-type=\"column\">\n\t\t\t<div class=\"elementor-widget-wrap elementor-element-populated\">\n\t\t\t\t<div class=\"elementor-element elementor-element-269ec1f e-grid e-con-boxed e-con e-parent\" data-id=\"269ec1f\" data-element_type=\"container\" data-e-type=\"container\">\n\t\t\t\t\t<div class=\"e-con-inner\">\n\t\t<div class=\"elementor-element elementor-element-ee42d90 e-con-full e-flex e-con e-child\" data-id=\"ee42d90\" data-element_type=\"container\" data-e-type=\"container\">\n\t\t\t\t<div class=\"elementor-element elementor-element-a3bc34d elementor-widget elementor-widget-heading\" data-id=\"a3bc34d\" data-element_type=\"widget\" data-e-type=\"widget\" data-widget_type=\"heading.default\">\n\t\t\t\t<div class=\"elementor-widget-container\">\n\t\t\t\t\t<h5 class=\"elementor-heading-title elementor-size-default\">Garantie de remboursement \u00e0 100%<\/h5>\t\t\t\t<\/div>\n\t\t\t\t<\/div>\n\t\t\t\t<div class=\"elementor-element elementor-element-fa3dd16 elementor-widget elementor-widget-image\" data-id=\"fa3dd16\" data-element_type=\"widget\" data-e-type=\"widget\" data-widget_type=\"image.default\">\n\t\t\t\t<div class=\"elementor-widget-container\">\n\t\t\t\t\t\t\t\t\t\t\t\t\t\t\t\t<a href=\"https:\/\/draatv.net\/fr\/refund-policy\/\">\n\t\t\t\t\t\t\t<img loading=\"lazy\" decoding=\"async\" width=\"240\" height=\"132\" src=\"https:\/\/draatv.net\/wp-content\/uploads\/2025\/01\/MONEY-BACK.webp\" class=\"attachment-full size-full wp-image-37470\" alt=\"Geld Zuruk\" srcset=\"https:\/\/draatv.net\/wp-content\/uploads\/2025\/01\/MONEY-BACK.webp 240w, https:\/\/draatv.net\/wp-content\/uploads\/2025\/01\/MONEY-BACK-136x75.webp 136w\" sizes=\"auto, (max-width:767px) 240px, 240px\" \/>\t\t\t\t\t\t\t\t<\/a>\n\t\t\t\t\t\t\t\t\t\t\t\t\t\t\t<\/div>\n\t\t\t\t<\/div>\n\t\t\t\t<\/div>\n\t\t<div class=\"elementor-element elementor-element-0061b0b e-con-full e-flex e-con e-child\" data-id=\"0061b0b\" data-element_type=\"container\" data-e-type=\"container\">\n\t\t\t\t<div class=\"elementor-element elementor-element-0fd2f5e elementor-widget elementor-widget-heading\" data-id=\"0fd2f5e\" data-element_type=\"widget\" data-e-type=\"widget\" data-widget_type=\"heading.default\">\n\t\t\t\t<div class=\"elementor-widget-container\">\n\t\t\t\t\t<h5 class=\"elementor-heading-title elementor-size-default\">Connexion 100% s\u00e9curis\u00e9e<\/h5>\t\t\t\t<\/div>\n\t\t\t\t<\/div>\n\t\t\t\t<div class=\"elementor-element elementor-element-378d2c7 elementor-widget elementor-widget-image\" data-id=\"378d2c7\" data-element_type=\"widget\" data-e-type=\"widget\" data-widget_type=\"image.default\">\n\t\t\t\t<div class=\"elementor-widget-container\">\n\t\t\t\t\t\t\t\t\t\t\t\t\t\t\t\t<a href=\"https:\/\/secure.trust-provider.com\/ttb_searcher\/trustlogo?v_querytype=W&#038;v_shortname=CL1&#038;v_search=https:\/\/draatv.net\/&#038;x=6&#038;y=5\" target=\"_blank\" id=\"comodoTL\">\n\t\t\t\t\t\t\t<img loading=\"lazy\" decoding=\"async\" width=\"952\" height=\"409\" src=\"https:\/\/draatv.net\/wp-content\/uploads\/2025\/01\/ssl.webp\" class=\"attachment-full size-full wp-image-37469\" alt=\"ssl sicher verbindung\" srcset=\"https:\/\/draatv.net\/wp-content\/uploads\/2025\/01\/ssl.webp 952w, https:\/\/draatv.net\/wp-content\/uploads\/2025\/01\/ssl-300x129.webp 300w, https:\/\/draatv.net\/wp-content\/uploads\/2025\/01\/ssl-768x330.webp 768w, https:\/\/draatv.net\/wp-content\/uploads\/2025\/01\/ssl-150x64.webp 150w, https:\/\/draatv.net\/wp-content\/uploads\/2025\/01\/ssl-480x206.webp 480w\" sizes=\"auto, (max-width:767px) 480px, (max-width:952px) 100vw, 952px\" \/>\t\t\t\t\t\t\t\t<\/a>\n\t\t\t\t\t\t\t\t\t\t\t\t\t\t\t<\/div>\n\t\t\t\t<\/div>\n\t\t\t\t<\/div>\n\t\t<div class=\"elementor-element elementor-element-fa27c98 e-con-full e-flex e-con e-child\" data-id=\"fa27c98\" data-element_type=\"container\" data-e-type=\"container\">\n\t\t\t\t<div class=\"elementor-element elementor-element-55629f3 elementor-widget elementor-widget-heading\" data-id=\"55629f3\" data-element_type=\"widget\" data-e-type=\"widget\" data-widget_type=\"heading.default\">\n\t\t\t\t<div class=\"elementor-widget-container\">\n\t\t\t\t\t<h5 class=\"elementor-heading-title elementor-size-default\">Protection des donn\u00e9es<\/h5>\t\t\t\t<\/div>\n\t\t\t\t<\/div>\n\t\t\t\t<div class=\"elementor-element elementor-element-83a2c25 elementor-widget elementor-widget-image\" data-id=\"83a2c25\" data-element_type=\"widget\" data-e-type=\"widget\" data-widget_type=\"image.default\">\n\t\t\t\t<div class=\"elementor-widget-container\">\n\t\t\t\t\t\t\t\t\t\t\t\t\t\t\t\t<a href=\"https:\/\/ico.org.uk\/ESDWebPages\/Entry\/ZB763409\" target=\"_blank\" rel=\"noopener\">\n\t\t\t\t\t\t\t<img loading=\"lazy\" decoding=\"async\" width=\"490\" height=\"268\" src=\"https:\/\/draatv.net\/wp-content\/uploads\/2024\/09\/ICO-GDPR.webp\" class=\"attachment-full size-full wp-image-30221\" alt=\"Insigne ICO GDPR\" srcset=\"https:\/\/draatv.net\/wp-content\/uploads\/2024\/09\/ICO-GDPR.webp 490w, https:\/\/draatv.net\/wp-content\/uploads\/2024\/09\/ICO-GDPR-300x164.webp 300w, https:\/\/draatv.net\/wp-content\/uploads\/2024\/09\/ICO-GDPR-137x75.webp 137w, https:\/\/draatv.net\/wp-content\/uploads\/2024\/09\/ICO-GDPR-480x263.webp 480w\" sizes=\"auto, (max-width:767px) 480px, 490px\" \/>\t\t\t\t\t\t\t\t<\/a>\n\t\t\t\t\t\t\t\t\t\t\t\t\t\t\t<\/div>\n\t\t\t\t<\/div>\n\t\t\t\t<\/div>\n\t\t\t\t\t<\/div>\n\t\t\t\t<\/div>\n\t\t<div class=\"elementor-element elementor-element-48583b3 e-flex e-con-boxed e-con e-child\" data-id=\"48583b3\" data-element_type=\"container\" data-e-type=\"container\">\n\t\t\t\t\t<div class=\"e-con-inner\">\n\t\t\t\t<div class=\"elementor-element elementor-element-6e75774 elementor-widget elementor-widget-html\" data-id=\"6e75774\" data-element_type=\"widget\" data-e-type=\"widget\" data-widget_type=\"html.default\">\n\t\t\t\t<div class=\"elementor-widget-container\">\n\t\t\t\t\t<style>\r\n.footer {\r\n  display: flex;\r\n  flex-wrap: wrap;\r\n  justify-content: center;\r\n  align-items: center;\r\n  margin-bottom: 16px;\r\n}\r\n\r\n.footer .footerbutton {\r\n    color: #fff;\r\n  font-size: 16px;\r\n  font-weight: 500;\r\n  border-style: solid;\r\n  border-width: 1px 1px 1px 1px;\r\n  border-color: #ff;\r\n  border-radius: 24px;\r\n  padding: 8px 16px;\r\n  margin: 8px;\r\n  display: inline-block;\r\n  text-decoration: none;\r\n}\r\n\r\n\/* Media Query for screens smaller than 600px *\/\r\n@media (max-width: 600px) {\r\n  .footer .footerbutton {\r\n    font-size: 14px;\r\n    padding: 6px 12px;\r\n    margin: 4px;\r\n  }\r\n}\r\n<\/style>\r\n\r\n<br\/>\r\n<br\/>\r\n<div class=\"footer\">\r\n   <a class=\"footerbutton\" href=\"https:\/\/draatv.net\/fr\/apk\/\" title=\"T\u00e9l\u00e9charger\"><i class=\"icon-download\"><\/i> DraaTV v3.8<\/a>\r\n   <a class=\"footerbutton\" href=\"https:\/\/draatv.net\/fr\/terms-of-use\/\" title=\"Conditions d&#039;utilisation\"><i class=\"fas fa-balance-scale\"><\/i> Conditions d'utilisation<\/a>\r\n   <a class=\"footerbutton\" href=\"https:\/\/draatv.net\/fr\/privacy-policy\/\" title=\"Politique de confidentialit\u00e9\"><i class=\"fas fa-user-lock\"><\/i> Politique de confidentialit\u00e9 <\/a>\r\n   <a class=\"footerbutton\" href=\"https:\/\/draatv.net\/fr\/refund-policy\/\" title=\"Refund\"><i class=\"icon-money-line\"><\/i> Remboursement<\/a>\r\n<\/div>\r\n\t\t\t\t<\/div>\n\t\t\t\t<\/div>\n\t\t\t\t\t<\/div>\n\t\t\t\t<\/div>\n\t\t\t\t\t<\/div>\n\t\t<\/div>\n\t\t\t\t\t<\/div>\n\t\t<\/section>\n\t\t\t\t<\/div>","protected":false},"excerpt":{"rendered":"<p>100% Geld Zur\u00fcck Garantie 100% Sicher Verbindung Datenschutz DraaTV v3.8 Nutzungsbedingungen Datenschutzerkl\u00e4rung R\u00fcckerstattung<\/p>","protected":false},"author":438,"featured_media":0,"parent":0,"menu_order":0,"comment_status":"closed","ping_status":"closed","template":"","meta":{"_surecart_dashboard_logo_width":"180px","_surecart_dashboard_show_logo":true,"_surecart_dashboard_navigation_orders":true,"_surecart_dashboard_navigation_invoices":true,"_surecart_dashboard_navigation_subscriptions":true,"_surecart_dashboard_navigation_downloads":true,"_surecart_dashboard_navigation_billing":true,"_surecart_dashboard_navigation_account":true,"footnotes":""},"class_list":["post-37691","page","type-page","status-publish","hentry"],"_links":{"self":[{"href":"https:\/\/draatv.net\/fr\/wp-json\/wp\/v2\/pages\/37691","targetHints":{"allow":["GET"]}}],"collection":[{"href":"https:\/\/draatv.net\/fr\/wp-json\/wp\/v2\/pages"}],"about":[{"href":"https:\/\/draatv.net\/fr\/wp-json\/wp\/v2\/types\/page"}],"author":[{"embeddable":true,"href":"https:\/\/draatv.net\/fr\/wp-json\/wp\/v2\/users\/438"}],"replies":[{"embeddable":true,"href":"https:\/\/draatv.net\/fr\/wp-json\/wp\/v2\/comments?post=37691"}],"version-history":[{"count":0,"href":"https:\/\/draatv.net\/fr\/wp-json\/wp\/v2\/pages\/37691\/revisions"}],"wp:attachment":[{"href":"https:\/\/draatv.net\/fr\/wp-json\/wp\/v2\/media?parent=37691"}],"curies":[{"name":"wp","href":"https:\/\/api.w.org\/{rel}","templated":true}]}}