{"id":15368,"date":"2023-06-24T20:26:19","date_gmt":"2023-06-24T20:26:19","guid":{"rendered":"https:\/\/tv.draadigital.com\/?page_id=15368"},"modified":"2025-02-20T10:38:32","modified_gmt":"2025-02-20T10:38:32","slug":"contact","status":"publish","type":"page","link":"https:\/\/draatv.net\/fr\/contact\/","title":{"rendered":"Kontakt als Reseller"},"content":{"rendered":"<div data-elementor-type=\"wp-page\" data-elementor-id=\"15368\" class=\"elementor elementor-15368\" data-elementor-post-type=\"page\">\n\t\t\t\t\t\t<section class=\"elementor-section elementor-top-section elementor-element elementor-element-4348540 elementor-section-stretched elementor-section-boxed elementor-section-height-default elementor-section-height-default\" data-id=\"4348540\" data-element_type=\"section\" data-e-type=\"section\" data-settings=\"{&quot;stretch_section&quot;:&quot;section-stretched&quot;}\">\n\t\t\t\t\t\t<div class=\"elementor-container elementor-column-gap-wider\">\n\t\t\t\t\t<div class=\"elementor-column elementor-col-100 elementor-top-column elementor-element elementor-element-1b2045e\" data-id=\"1b2045e\" data-element_type=\"column\" data-e-type=\"column\">\n\t\t\t<div class=\"elementor-widget-wrap elementor-element-populated\">\n\t\t\t\t\t\t<section class=\"elementor-section elementor-inner-section elementor-element elementor-element-d5855ed elementor-section-boxed elementor-section-height-default elementor-section-height-default\" data-id=\"d5855ed\" data-element_type=\"section\" data-e-type=\"section\">\n\t\t\t\t\t\t<div class=\"elementor-container elementor-column-gap-default\">\n\t\t\t\t\t<div class=\"elementor-column elementor-col-100 elementor-inner-column elementor-element elementor-element-7562e3e\" data-id=\"7562e3e\" data-element_type=\"column\" data-e-type=\"column\">\n\t\t\t<div class=\"elementor-widget-wrap elementor-element-populated\">\n\t\t\t\t\t\t<div class=\"elementor-element elementor-element-914906a elementor-widget elementor-widget-text-editor\" data-id=\"914906a\" data-element_type=\"widget\" data-e-type=\"widget\" data-widget_type=\"text-editor.default\">\n\t\t\t\t<div class=\"elementor-widget-container\">\n\t\t\t\t\t\t\t\t\t<h1>Kontakt als Wiederverk\u00e4ufer<\/h1>\n<h4>Devenez revendeur de notre service IPTV. Contactez-nous d\u00e8s aujourd'hui pour en savoir plus sur notre programme de revendeurs et d\u00e9marrer votre entreprise.<\/h4>\t\t\t\t\t\t\t\t<\/div>\n\t\t\t\t<\/div>\n\t\t\t\t\t<\/div>\n\t\t<\/div>\n\t\t\t\t\t<\/div>\n\t\t<\/section>\n\t\t\t\t\t<\/div>\n\t\t<\/div>\n\t\t\t\t\t<\/div>\n\t\t<\/section>\n\t\t\t\t<section class=\"elementor-section elementor-top-section elementor-element elementor-element-9ca098d elementor-section-stretched elementor-section-boxed elementor-section-height-default elementor-section-height-default\" data-id=\"9ca098d\" data-element_type=\"section\" data-e-type=\"section\" data-settings=\"{&quot;stretch_section&quot;:&quot;section-stretched&quot;}\">\n\t\t\t\t\t\t\t<div class=\"elementor-background-overlay\"><\/div>\n\t\t\t\t\t\t\t<div class=\"elementor-container elementor-column-gap-wider\">\n\t\t\t\t\t<div class=\"elementor-column elementor-col-100 elementor-top-column elementor-element elementor-element-0992078\" data-id=\"0992078\" data-element_type=\"column\" data-e-type=\"column\">\n\t\t\t<div class=\"elementor-widget-wrap elementor-element-populated\">\n\t\t\t\t\t\t<section class=\"elementor-section elementor-inner-section elementor-element elementor-element-c0dce02 elementor-section-boxed elementor-section-height-default elementor-section-height-default\" data-id=\"c0dce02\" data-element_type=\"section\" data-e-type=\"section\">\n\t\t\t\t\t\t<div class=\"elementor-container elementor-column-gap-default\">\n\t\t\t\t\t<div class=\"elementor-column elementor-col-16 elementor-inner-column elementor-element elementor-element-5cbe2e7\" data-id=\"5cbe2e7\" data-element_type=\"column\" data-e-type=\"column\">\n\t\t\t<div class=\"elementor-widget-wrap\">\n\t\t\t\t\t\t\t<\/div>\n\t\t<\/div>\n\t\t\t\t<div class=\"elementor-column elementor-col-66 elementor-inner-column elementor-element elementor-element-8e6001b\" data-id=\"8e6001b\" data-element_type=\"column\" data-e-type=\"column\" data-settings=\"{&quot;background_background&quot;:&quot;classic&quot;}\">\n\t\t\t<div class=\"elementor-widget-wrap elementor-element-populated\">\n\t\t\t\t\t\t<div class=\"elementor-element elementor-element-cb2bc3f elementor-widget elementor-widget-shortcode\" data-id=\"cb2bc3f\" data-element_type=\"widget\" data-e-type=\"widget\" data-widget_type=\"shortcode.default\">\n\t\t\t\t<div class=\"elementor-widget-container\">\n\t\t\t\t\t\t\t<div class=\"elementor-shortcode\">\n<div class=\"wpcf7 no-js\" id=\"wpcf7-f12590-o1\" lang=\"en-US\" dir=\"ltr\" data-wpcf7-id=\"12590\">\n<div class=\"screen-reader-response\"><p role=\"status\" aria-live=\"polite\" aria-atomic=\"true\"><\/p> <ul><\/ul><\/div>\n<form action=\"\/fr\/wp-json\/wp\/v2\/pages\/15368#wpcf7-f12590-o1\" method=\"post\" class=\"wpcf7-form init\" aria-label=\"Contact form\" novalidate=\"novalidate\" data-status=\"init\" data-trp-original-action=\"\/fr\/wp-json\/wp\/v2\/pages\/15368#wpcf7-f12590-o1\">\n<fieldset class=\"hidden-fields-container\"><input type=\"hidden\" name=\"_wpcf7\" value=\"12590\" \/><input type=\"hidden\" name=\"_wpcf7_version\" value=\"6.1.5\" \/><input type=\"hidden\" name=\"_wpcf7_locale\" value=\"en_US\" \/><input type=\"hidden\" name=\"_wpcf7_unit_tag\" value=\"wpcf7-f12590-o1\" \/><input type=\"hidden\" name=\"_wpcf7_container_post\" value=\"0\" \/><input type=\"hidden\" name=\"_wpcf7_posted_data_hash\" value=\"\" \/><input type=\"hidden\" name=\"_wpcf7_recaptcha_response\" value=\"\" \/>\n<\/fieldset>\n<div class=\"column one\">\n\t<h5 style=\"margin-top:30px;\">INFO\n\t<\/h5>\n<\/div>\n<div class=\"column one-second\">\n\t<p><span class=\"wpcf7-form-control-wrap\" data-name=\"your-name\"><input size=\"40\" maxlength=\"400\" class=\"wpcf7-form-control wpcf7-text wpcf7-validates-as-required\" aria-required=\"true\" aria-invalid=\"false\" placeholder=\"Nom\" value=\"\" type=\"text\" name=\"your-name\" \/><\/span>\n\t<\/p>\n<\/div>\n<div class=\"column one-second\">\n\t<p><span class=\"wpcf7-form-control-wrap\" data-name=\"your-surname\"><input size=\"40\" maxlength=\"400\" class=\"wpcf7-form-control wpcf7-text wpcf7-validates-as-required\" aria-required=\"true\" aria-invalid=\"false\" placeholder=\"Prenom\" value=\"\" type=\"text\" name=\"your-surname\" \/><\/span>\n\t<\/p>\n<\/div>\n<div class=\"column one\">\n\t<p><span class=\"wpcf7-form-control-wrap\" data-name=\"your-email\"><input size=\"40\" maxlength=\"400\" class=\"wpcf7-form-control wpcf7-email wpcf7-validates-as-required wpcf7-text wpcf7-validates-as-email\" aria-required=\"true\" aria-invalid=\"false\" placeholder=\"Email\" value=\"\" type=\"email\" name=\"your-email\" \/><\/span>\n\t<\/p>\n<\/div>\n<div class=\"column one\">\n\t<p><span class=\"wpcf7-form-control-wrap\" data-name=\"your-phone\"><input size=\"40\" maxlength=\"400\" class=\"wpcf7-form-control wpcf7-tel wpcf7-text wpcf7-validates-as-tel\" aria-invalid=\"false\" placeholder=\"T\u00e9l\u00e9phone\" value=\"\" type=\"tel\" name=\"your-phone\" \/><\/span>\n\t<\/p>\n<\/div>\n<div class=\"column one\">\n\t<p><span class=\"wpcf7-form-control-wrap\" data-name=\"your-message\"><textarea cols=\"40\" rows=\"6\" maxlength=\"2000\" class=\"wpcf7-form-control wpcf7-textarea\" aria-invalid=\"false\" placeholder=\"Message\" name=\"your-message\"><\/textarea><\/span>\n\t<\/p>\n<\/div>\n<div class=\"column one\">\n\t<p><input class=\"wpcf7-form-control wpcf7-submit has-spinner button_full_width\" type=\"submit\" value=\"Envoyer\" \/>\n\t<\/p>\n<\/div><div class=\"wpcf7-response-output\" aria-hidden=\"true\"><\/div>\n<input type=\"hidden\" name=\"trp-form-language\" value=\"fr\"\/><\/form>\n<\/div>\n<\/div>\n\t\t\t\t\t\t<\/div>\n\t\t\t\t<\/div>\n\t\t\t\t\t<\/div>\n\t\t<\/div>\n\t\t\t\t<div class=\"elementor-column elementor-col-16 elementor-inner-column elementor-element elementor-element-977df54\" data-id=\"977df54\" data-element_type=\"column\" data-e-type=\"column\">\n\t\t\t<div class=\"elementor-widget-wrap\">\n\t\t\t\t\t\t\t<\/div>\n\t\t<\/div>\n\t\t\t\t\t<\/div>\n\t\t<\/section>\n\t\t\t\t\t<\/div>\n\t\t<\/div>\n\t\t\t\t\t<\/div>\n\t\t<\/section>\n\t\t\t\t<section class=\"elementor-section elementor-top-section elementor-element elementor-element-aab3e16 elementor-section-stretched elementor-section-full_width elementor-section-height-default elementor-section-height-default\" data-id=\"aab3e16\" data-element_type=\"section\" data-e-type=\"section\" data-settings=\"{&quot;stretch_section&quot;:&quot;section-stretched&quot;,&quot;background_background&quot;:&quot;gradient&quot;,&quot;shape_divider_top&quot;:&quot;opacity-fan&quot;}\">\n\t\t\t\t\t<div class=\"elementor-shape elementor-shape-top\" aria-hidden=\"true\" data-negative=\"false\">\n\t\t\t<svg xmlns=\"http:\/\/www.w3.org\/2000\/svg\" viewbox=\"0 0 283.5 19.6\" preserveaspectratio=\"none\">\n\t<path class=\"elementor-shape-fill\" style=\"opacity:0.33\" d=\"M0 0L0 18.8 141.8 4.1 283.5 18.8 283.5 0z\"\/>\n\t<path class=\"elementor-shape-fill\" style=\"opacity:0.33\" d=\"M0 0L0 12.6 141.8 4 283.5 12.6 283.5 0z\"\/>\n\t<path class=\"elementor-shape-fill\" style=\"opacity:0.33\" d=\"M0 0L0 6.4 141.8 4 283.5 6.4 283.5 0z\"\/>\n\t<path class=\"elementor-shape-fill\" d=\"M0 0L0 1.2 141.8 4 283.5 1.2 283.5 0z\"\/>\n<\/svg>\t\t<\/div>\n\t\t\t\t\t<div class=\"elementor-container elementor-column-gap-wider\">\n\t\t\t\t\t<div class=\"elementor-column elementor-col-100 elementor-top-column elementor-element elementor-element-bb8ffe1\" data-id=\"bb8ffe1\" data-element_type=\"column\" data-e-type=\"column\">\n\t\t\t<div class=\"elementor-widget-wrap elementor-element-populated\">\n\t\t\t\t<div class=\"elementor-element elementor-element-7f6632d e-grid e-con-boxed e-con e-parent\" data-id=\"7f6632d\" data-element_type=\"container\" data-e-type=\"container\">\n\t\t\t\t\t<div class=\"e-con-inner\">\n\t\t<div class=\"elementor-element elementor-element-5fcaa93 e-con-full e-flex e-con e-child\" data-id=\"5fcaa93\" data-element_type=\"container\" data-e-type=\"container\">\n\t\t\t\t<div class=\"elementor-element elementor-element-4dbf16d elementor-widget elementor-widget-heading\" data-id=\"4dbf16d\" data-element_type=\"widget\" data-e-type=\"widget\" data-widget_type=\"heading.default\">\n\t\t\t\t<div class=\"elementor-widget-container\">\n\t\t\t\t\t<h5 class=\"elementor-heading-title elementor-size-default\">Garantie de remboursement \u00e0 100%<\/h5>\t\t\t\t<\/div>\n\t\t\t\t<\/div>\n\t\t\t\t<div class=\"elementor-element elementor-element-d3fdbf8 elementor-widget elementor-widget-image\" data-id=\"d3fdbf8\" data-element_type=\"widget\" data-e-type=\"widget\" data-widget_type=\"image.default\">\n\t\t\t\t<div class=\"elementor-widget-container\">\n\t\t\t\t\t\t\t\t\t\t\t\t\t\t\t<img decoding=\"async\" src=\"https:\/\/draatv.net\/wp-content\/uploads\/2024\/01\/MONEY-BACK.webp\" title=\"\" alt=\"\" loading=\"lazy\" \/>\t\t\t\t\t\t\t\t\t\t\t\t\t\t\t<\/div>\n\t\t\t\t<\/div>\n\t\t\t\t<\/div>\n\t\t<div class=\"elementor-element elementor-element-cc9196a e-con-full e-flex e-con e-child\" data-id=\"cc9196a\" data-element_type=\"container\" data-e-type=\"container\">\n\t\t\t\t<div class=\"elementor-element elementor-element-8322453 elementor-widget elementor-widget-heading\" data-id=\"8322453\" data-element_type=\"widget\" data-e-type=\"widget\" data-widget_type=\"heading.default\">\n\t\t\t\t<div class=\"elementor-widget-container\">\n\t\t\t\t\t<h5 class=\"elementor-heading-title elementor-size-default\">Connexion 100% s\u00e9curis\u00e9e<\/h5>\t\t\t\t<\/div>\n\t\t\t\t<\/div>\n\t\t\t\t<div class=\"elementor-element elementor-element-162eb6b elementor-widget elementor-widget-image\" data-id=\"162eb6b\" data-element_type=\"widget\" data-e-type=\"widget\" data-widget_type=\"image.default\">\n\t\t\t\t<div class=\"elementor-widget-container\">\n\t\t\t\t\t\t\t\t\t\t\t\t\t\t\t\t<a href=\"https:\/\/secure.trust-provider.com\/ttb_searcher\/trustlogo?v_querytype=W&#038;v_shortname=CL1&#038;v_search=https:\/\/draatv.net\/&#038;x=6&#038;y=5\" target=\"_blank\" id=\"comodoTL\">\n\t\t\t\t\t\t\t<img decoding=\"async\" src=\"https:\/\/draatv.net\/wp-content\/uploads\/2024\/01\/ssl.webp\" title=\"\" alt=\"\" loading=\"lazy\" \/>\t\t\t\t\t\t\t\t<\/a>\n\t\t\t\t\t\t\t\t\t\t\t\t\t\t\t<\/div>\n\t\t\t\t<\/div>\n\t\t\t\t<\/div>\n\t\t<div class=\"elementor-element elementor-element-d23d4c8 e-con-full e-flex e-con e-child\" data-id=\"d23d4c8\" data-element_type=\"container\" data-e-type=\"container\">\n\t\t\t\t<div class=\"elementor-element elementor-element-a72f46c elementor-widget elementor-widget-heading\" data-id=\"a72f46c\" data-element_type=\"widget\" data-e-type=\"widget\" data-widget_type=\"heading.default\">\n\t\t\t\t<div class=\"elementor-widget-container\">\n\t\t\t\t\t<h5 class=\"elementor-heading-title elementor-size-default\">Protection des donn\u00e9es<\/h5>\t\t\t\t<\/div>\n\t\t\t\t<\/div>\n\t\t\t\t<div class=\"elementor-element elementor-element-d417894 elementor-widget elementor-widget-image\" data-id=\"d417894\" data-element_type=\"widget\" data-e-type=\"widget\" data-widget_type=\"image.default\">\n\t\t\t\t<div class=\"elementor-widget-container\">\n\t\t\t\t\t\t\t\t\t\t\t\t\t\t\t\t<a href=\"https:\/\/ico.org.uk\/ESDWebPages\/Entry\/ZB763409\" target=\"_blank\" rel=\"noopener\">\n\t\t\t\t\t\t\t<img loading=\"lazy\" decoding=\"async\" width=\"490\" height=\"268\" src=\"https:\/\/draatv.net\/wp-content\/uploads\/2024\/09\/ICO-GDPR.webp\" class=\"attachment-full size-full wp-image-30221\" alt=\"Insigne ICO GDPR\" srcset=\"https:\/\/draatv.net\/wp-content\/uploads\/2024\/09\/ICO-GDPR.webp 490w, https:\/\/draatv.net\/wp-content\/uploads\/2024\/09\/ICO-GDPR-300x164.webp 300w, https:\/\/draatv.net\/wp-content\/uploads\/2024\/09\/ICO-GDPR-137x75.webp 137w, https:\/\/draatv.net\/wp-content\/uploads\/2024\/09\/ICO-GDPR-480x263.webp 480w\" sizes=\"auto, (max-width:767px) 480px, 490px\" \/>\t\t\t\t\t\t\t\t<\/a>\n\t\t\t\t\t\t\t\t\t\t\t\t\t\t\t<\/div>\n\t\t\t\t<\/div>\n\t\t\t\t<\/div>\n\t\t\t\t\t<\/div>\n\t\t\t\t<\/div>\n\t\t<div class=\"elementor-element elementor-element-e649ab2 e-flex e-con-boxed e-con e-child\" data-id=\"e649ab2\" data-element_type=\"container\" data-e-type=\"container\">\n\t\t\t\t\t<div class=\"e-con-inner\">\n\t\t\t\t<div class=\"elementor-element elementor-element-a596b52 elementor-widget elementor-widget-html\" data-id=\"a596b52\" data-element_type=\"widget\" data-e-type=\"widget\" data-widget_type=\"html.default\">\n\t\t\t\t<div class=\"elementor-widget-container\">\n\t\t\t\t\t<style>\r\n.footer {\r\n  display: flex;\r\n  flex-wrap: wrap;\r\n  justify-content: center;\r\n  align-items: center;\r\n  margin-bottom: 16px;\r\n}\r\n\r\n.footer .footerbutton {\r\n    color: #fff;\r\n  font-size: 16px;\r\n  font-weight: 500;\r\n  border-style: solid;\r\n  border-width: 1px 1px 1px 1px;\r\n  border-color: #ff;\r\n  border-radius: 24px;\r\n  padding: 8px 16px;\r\n  margin: 8px;\r\n  display: inline-block;\r\n  text-decoration: none;\r\n}\r\n\r\n\/* Media Query for screens smaller than 600px *\/\r\n@media (max-width: 600px) {\r\n  .footer .footerbutton {\r\n    font-size: 14px;\r\n    padding: 6px 12px;\r\n    margin: 4px;\r\n  }\r\n}\r\n<\/style>\r\n\r\n<br\/>\r\n<br\/>\r\n<div class=\"footer\">\r\n   <a class=\"footerbutton\" href=\"https:\/\/draatv.net\/fr\/apk\/\" title=\"T\u00e9l\u00e9charger\"><i class=\"icon-download\"><\/i> DraaTV v3.8<\/a>\r\n   <a class=\"footerbutton\" href=\"https:\/\/draatv.net\/fr\/terms-of-use\/\" title=\"Conditions d&#039;utilisation\"><i class=\"fas fa-balance-scale\"><\/i> Conditions d'utilisation<\/a>\r\n   <a class=\"footerbutton\" href=\"https:\/\/draatv.net\/fr\/privacy-policy\/\" title=\"Politique de confidentialit\u00e9\"><i class=\"fas fa-user-lock\"><\/i> Politique de confidentialit\u00e9 <\/a>\r\n   <a class=\"footerbutton\" href=\"https:\/\/draatv.net\/fr\/refund-policy\/\" title=\"Refund\"><i class=\"icon-money-line\"><\/i> Remboursement<\/a>\r\n<\/div>\r\n\t\t\t\t<\/div>\n\t\t\t\t<\/div>\n\t\t\t\t\t<\/div>\n\t\t\t\t<\/div>\n\t\t\t\t\t<\/div>\n\t\t<\/div>\n\t\t\t\t\t<\/div>\n\t\t<\/section>\n\t\t\t\t<\/div>","protected":false},"excerpt":{"rendered":"<p>Kontakt als Wiederverk\u00e4ufer Werden Sie Wiederverk\u00e4ufer unseres IPTV-Service. Kontaktieren Sie uns noch heute, um mehr \u00fcber unser Wiederverk\u00e4ufer-Programm zu erfahren und Ihr Gesch\u00e4ft zu starten. 100%<span class=\"excerpt-hellip\"> [\u2026]<\/span><\/p>\n","protected":false},"author":438,"featured_media":0,"parent":0,"menu_order":0,"comment_status":"closed","ping_status":"closed","template":"","meta":{"_surecart_dashboard_logo_width":"180px","_surecart_dashboard_show_logo":true,"_surecart_dashboard_navigation_orders":true,"_surecart_dashboard_navigation_invoices":true,"_surecart_dashboard_navigation_subscriptions":true,"_surecart_dashboard_navigation_downloads":true,"_surecart_dashboard_navigation_billing":true,"_surecart_dashboard_navigation_account":true,"footnotes":""},"class_list":["post-15368","page","type-page","status-publish","hentry"],"_links":{"self":[{"href":"https:\/\/draatv.net\/fr\/wp-json\/wp\/v2\/pages\/15368","targetHints":{"allow":["GET"]}}],"collection":[{"href":"https:\/\/draatv.net\/fr\/wp-json\/wp\/v2\/pages"}],"about":[{"href":"https:\/\/draatv.net\/fr\/wp-json\/wp\/v2\/types\/page"}],"author":[{"embeddable":true,"href":"https:\/\/draatv.net\/fr\/wp-json\/wp\/v2\/users\/438"}],"replies":[{"embeddable":true,"href":"https:\/\/draatv.net\/fr\/wp-json\/wp\/v2\/comments?post=15368"}],"version-history":[{"count":0,"href":"https:\/\/draatv.net\/fr\/wp-json\/wp\/v2\/pages\/15368\/revisions"}],"wp:attachment":[{"href":"https:\/\/draatv.net\/fr\/wp-json\/wp\/v2\/media?parent=15368"}],"curies":[{"name":"wp","href":"https:\/\/api.w.org\/{rel}","templated":true}]}}