{"id":13912,"date":"2023-06-10T20:39:22","date_gmt":"2023-06-10T20:39:22","guid":{"rendered":"https:\/\/tv.draadigital.com\/?page_id=13912"},"modified":"2025-02-20T10:43:33","modified_gmt":"2025-02-20T10:43:33","slug":"about","status":"publish","type":"page","link":"https:\/\/draatv.net\/fr\/about\/","title":{"rendered":"\u00c0 propos de DraaTV"},"content":{"rendered":"<div data-elementor-type=\"wp-page\" data-elementor-id=\"13912\" class=\"elementor elementor-13912\" data-elementor-post-type=\"page\">\n\t\t\t\t<div class=\"elementor-element elementor-element-992b13e e-flex e-con-boxed e-con e-parent\" data-id=\"992b13e\" data-element_type=\"container\" data-e-type=\"container\">\n\t\t\t\t\t<div class=\"e-con-inner\">\n\t\t<div class=\"elementor-element elementor-element-c30a527 e-con-full e-flex e-con e-child\" data-id=\"c30a527\" data-element_type=\"container\" data-e-type=\"container\">\n\t\t\t\t<div class=\"elementor-element elementor-element-50c5540 elementor-widget elementor-widget-image\" data-id=\"50c5540\" data-element_type=\"widget\" data-e-type=\"widget\" data-widget_type=\"image.default\">\n\t\t\t\t<div class=\"elementor-widget-container\">\n\t\t\t\t\t\t\t\t\t\t\t\t\t\t\t<img decoding=\"async\" src=\"https:\/\/draatv.net\/wp-content\/uploads\/2023\/11\/DraaDigital.webp\" title=\"\" alt=\"\" loading=\"lazy\" \/>\t\t\t\t\t\t\t\t\t\t\t\t\t\t\t<\/div>\n\t\t\t\t<\/div>\n\t\t\t\t<\/div>\n\t\t<div class=\"elementor-element elementor-element-ef3f9d6 e-con-full e-flex e-con e-child\" data-id=\"ef3f9d6\" data-element_type=\"container\" data-e-type=\"container\">\n\t\t\t\t<div class=\"elementor-element elementor-element-f6633b0 elementor-widget elementor-widget-heading\" data-id=\"f6633b0\" data-element_type=\"widget\" data-e-type=\"widget\" data-widget_type=\"heading.default\">\n\t\t\t\t<div class=\"elementor-widget-container\">\n\t\t\t\t\t<h1 class=\"elementor-heading-title elementor-size-default\">\u00c0 propos de DraaTV<\/h1>\t\t\t\t<\/div>\n\t\t\t\t<\/div>\n\t\t\t\t<\/div>\n\t\t\t\t\t<\/div>\n\t\t\t\t<\/div>\n\t\t<div class=\"elementor-element elementor-element-d38c887 e-flex e-con-boxed e-con e-parent\" data-id=\"d38c887\" data-element_type=\"container\" data-e-type=\"container\">\n\t\t\t\t\t<div class=\"e-con-inner\">\n\t\t<div class=\"elementor-element elementor-element-a69b88c e-flex e-con-boxed e-con e-child\" data-id=\"a69b88c\" data-element_type=\"container\" data-e-type=\"container\">\n\t\t\t\t\t<div class=\"e-con-inner\">\n\t\t\t\t<div class=\"elementor-element elementor-element-c9e52f0 elementor-widget__width-initial elementor-widget elementor-widget-image\" data-id=\"c9e52f0\" data-element_type=\"widget\" data-e-type=\"widget\" data-widget_type=\"image.default\">\n\t\t\t\t<div class=\"elementor-widget-container\">\n\t\t\t\t\t\t\t\t\t\t\t\t\t\t\t<img loading=\"lazy\" decoding=\"async\" width=\"400\" height=\"400\" src=\"https:\/\/draatv.net\/wp-content\/uploads\/2024\/09\/DraaTV-Website-Logo.webp\" class=\"attachment-full size-full wp-image-29844\" alt=\"DraaTV Logo\" srcset=\"https:\/\/draatv.net\/wp-content\/uploads\/2024\/09\/DraaTV-Website-Logo.webp 400w, https:\/\/draatv.net\/wp-content\/uploads\/2024\/09\/DraaTV-Website-Logo-300x300.webp 300w, https:\/\/draatv.net\/wp-content\/uploads\/2024\/09\/DraaTV-Website-Logo-150x150.webp 150w, https:\/\/draatv.net\/wp-content\/uploads\/2024\/09\/DraaTV-Website-Logo-75x75.webp 75w\" sizes=\"auto, (max-width:767px) 400px, 400px\" \/>\t\t\t\t\t\t\t\t\t\t\t\t\t\t\t<\/div>\n\t\t\t\t<\/div>\n\t\t\t\t\t<\/div>\n\t\t\t\t<\/div>\n\t\t<div class=\"elementor-element elementor-element-7660700 e-con-full e-flex e-con e-child\" data-id=\"7660700\" data-element_type=\"container\" data-e-type=\"container\">\n\t\t\t\t<div class=\"elementor-element elementor-element-052f217 elementor-widget elementor-widget-text-editor\" data-id=\"052f217\" data-element_type=\"widget\" data-e-type=\"widget\" data-widget_type=\"text-editor.default\">\n\t\t\t\t<div class=\"elementor-widget-container\">\n\t\t\t\t\t\t\t\t\t<h2>DraaTV<\/h2>\nLa plateforme de pointe est con\u00e7ue exclusivement pour les op\u00e9rateurs IPTV. draatv.com r\u00e9volutionne la mani\u00e8re dont les services IPTV sont fournis et consomm\u00e9s, offrant aux abonn\u00e9s une exp\u00e9rience de divertissement fluide et in\u00e9gal\u00e9e.\ndraatv.com dispose d'une interface intuitive et conviviale qui permet aux op\u00e9rateurs IPTV de g\u00e9rer facilement l'ensemble de leur \u00e9cosyst\u00e8me de contenu. De l'acquisition et la gestion de contenu \u00e0 la facturation des abonn\u00e9s et au support client, draatv.com propose une plateforme compl\u00e8te et unifi\u00e9e qui optimise tous les aspects des op\u00e9rations IPTV.\n\nAvec draatv.com, les op\u00e9rateurs IPTV peuvent cr\u00e9er un catalogue de contenu personnalis\u00e9, adapt\u00e9 aux pr\u00e9f\u00e9rences individuelles de leurs abonn\u00e9s. La plateforme prend en charge un large \u00e9ventail de formats de contenu, y compris les cha\u00eenes de t\u00e9l\u00e9vision en direct, les films et \u00e9missions de t\u00e9l\u00e9vision \u00e0 la demande, ainsi que des contenus premium exclusifs. La recherche de contenu est facilit\u00e9e par des algorithmes de recommandation avanc\u00e9s qui analysent les habitudes de visionnage et fournissent des suggestions de contenu personnalis\u00e9es pour s'assurer que les abonn\u00e9s ne manquent jamais leurs \u00e9missions pr\u00e9f\u00e9r\u00e9es.\t\t\t\t\t\t\t\t<\/div>\n\t\t\t\t<\/div>\n\t\t\t\t<\/div>\n\t\t\t\t\t<\/div>\n\t\t\t\t<\/div>\n\t\t<div class=\"elementor-element elementor-element-3fdfe1f e-flex e-con-boxed e-con e-parent\" data-id=\"3fdfe1f\" data-element_type=\"container\" data-e-type=\"container\">\n\t\t\t\t\t<div class=\"e-con-inner\">\n\t\t<div class=\"elementor-element elementor-element-49267eb e-con-full e-flex e-con e-child\" data-id=\"49267eb\" data-element_type=\"container\" data-e-type=\"container\">\n\t\t\t\t<div class=\"elementor-element elementor-element-1496d12 elementor-widget elementor-widget-text-editor\" data-id=\"1496d12\" data-element_type=\"widget\" data-e-type=\"widget\" data-widget_type=\"text-editor.default\">\n\t\t\t\t<div class=\"elementor-widget-container\">\n\t\t\t\t\t\t\t\t\t<h2>draatv.com<\/h2>\nElle offre \u00e9galement des fonctionnalit\u00e9s de mon\u00e9tisation robustes permettant aux op\u00e9rateurs IPTV de g\u00e9n\u00e9rer des revenus \u00e0 partir de plusieurs sources. Cela comprend des mod\u00e8les de tarification bas\u00e9s sur l'abonnement, des options de paiement \u00e0 la s\u00e9ance, l'int\u00e9gration publicitaire et les achats int\u00e9gr\u00e9s \u00e0 l'application. La plateforme propose des outils d'analyse et de reporting d\u00e9taill\u00e9s qui fournissent aux op\u00e9rateurs IPTV des informations pr\u00e9cieuses sur le comportement des abonn\u00e9s, les performances des contenus et la g\u00e9n\u00e9ration de revenus.\n\ndraatv.com est con\u00e7u pour la scalabilit\u00e9 et la flexibilit\u00e9, ce qui le rend adapt\u00e9 aux op\u00e9rateurs IPTV de toute taille. La plateforme prend en charge une int\u00e9gration transparente dans l'infrastructure IPTV existante, permettant ainsi une migration fluide. draatv.com propose \u00e9galement des options de personnalisation, permettant aux op\u00e9rateurs IPTV de personnaliser la plateforme avec leur propre logo, couleurs et th\u00e8mes, offrant ainsi aux abonn\u00e9s une exp\u00e9rience coh\u00e9rente et ax\u00e9e sur la marque.\t\t\t\t\t\t\t\t<\/div>\n\t\t\t\t<\/div>\n\t\t\t\t<\/div>\n\t\t<div class=\"elementor-element elementor-element-d890f6c e-flex e-con-boxed e-con e-child\" data-id=\"d890f6c\" data-element_type=\"container\" data-e-type=\"container\">\n\t\t\t\t\t<div class=\"e-con-inner\">\n\t\t\t\t<div class=\"elementor-element elementor-element-fae60f9 elementor-widget elementor-widget-image\" data-id=\"fae60f9\" data-element_type=\"widget\" data-e-type=\"widget\" data-widget_type=\"image.default\">\n\t\t\t\t<div class=\"elementor-widget-container\">\n\t\t\t\t\t\t\t\t\t\t\t\t\t\t\t<img loading=\"lazy\" decoding=\"async\" width=\"1024\" height=\"719\" src=\"https:\/\/draatv.net\/wp-content\/uploads\/2024\/09\/manager-1140.9dddec8c-1024x719.webp\" class=\"attachment-large size-large wp-image-30041\" alt=\"Mise \u00e0 niveau du syst\u00e8me serveur\" srcset=\"https:\/\/draatv.net\/wp-content\/uploads\/2024\/09\/manager-1140.9dddec8c-1024x719.webp 1024w, https:\/\/draatv.net\/wp-content\/uploads\/2024\/09\/manager-1140.9dddec8c-300x211.webp 300w, https:\/\/draatv.net\/wp-content\/uploads\/2024\/09\/manager-1140.9dddec8c-768x539.webp 768w, https:\/\/draatv.net\/wp-content\/uploads\/2024\/09\/manager-1140.9dddec8c-107x75.webp 107w, https:\/\/draatv.net\/wp-content\/uploads\/2024\/09\/manager-1140.9dddec8c-895x628.webp 895w, https:\/\/draatv.net\/wp-content\/uploads\/2024\/09\/manager-1140.9dddec8c-480x337.webp 480w, https:\/\/draatv.net\/wp-content\/uploads\/2024\/09\/manager-1140.9dddec8c.webp 1140w\" sizes=\"auto, (max-width:767px) 480px, (max-width:1024px) 100vw, 1024px\" \/>\t\t\t\t\t\t\t\t\t\t\t\t\t\t\t<\/div>\n\t\t\t\t<\/div>\n\t\t\t\t\t<\/div>\n\t\t\t\t<\/div>\n\t\t\t\t\t<\/div>\n\t\t\t\t<\/div>\n\t\t<div class=\"elementor-element elementor-element-f43215c e-flex e-con-boxed e-con e-parent\" data-id=\"f43215c\" data-element_type=\"container\" data-e-type=\"container\">\n\t\t\t\t\t<div class=\"e-con-inner\">\n\t\t<div class=\"elementor-element elementor-element-cf2c3f3 e-flex e-con-boxed e-con e-child\" data-id=\"cf2c3f3\" data-element_type=\"container\" data-e-type=\"container\">\n\t\t\t\t\t<div class=\"e-con-inner\">\n\t\t\t\t<div class=\"elementor-element elementor-element-48a9741 elementor-widget elementor-widget-image\" data-id=\"48a9741\" data-element_type=\"widget\" data-e-type=\"widget\" data-widget_type=\"image.default\">\n\t\t\t\t<div class=\"elementor-widget-container\">\n\t\t\t\t\t\t\t\t\t\t\t\t\t\t\t<img loading=\"lazy\" decoding=\"async\" width=\"1024\" height=\"719\" src=\"https:\/\/draatv.net\/wp-content\/uploads\/2024\/09\/servers-1140.166e5250-1024x719.webp\" class=\"attachment-large size-large wp-image-30042\" alt=\"Maintenance du serveur\" srcset=\"https:\/\/draatv.net\/wp-content\/uploads\/2024\/09\/servers-1140.166e5250-1024x719.webp 1024w, https:\/\/draatv.net\/wp-content\/uploads\/2024\/09\/servers-1140.166e5250-300x211.webp 300w, https:\/\/draatv.net\/wp-content\/uploads\/2024\/09\/servers-1140.166e5250-768x539.webp 768w, https:\/\/draatv.net\/wp-content\/uploads\/2024\/09\/servers-1140.166e5250-107x75.webp 107w, https:\/\/draatv.net\/wp-content\/uploads\/2024\/09\/servers-1140.166e5250-895x628.webp 895w, https:\/\/draatv.net\/wp-content\/uploads\/2024\/09\/servers-1140.166e5250-480x337.webp 480w, https:\/\/draatv.net\/wp-content\/uploads\/2024\/09\/servers-1140.166e5250.webp 1140w\" sizes=\"auto, (max-width:767px) 480px, (max-width:1024px) 100vw, 1024px\" \/>\t\t\t\t\t\t\t\t\t\t\t\t\t\t\t<\/div>\n\t\t\t\t<\/div>\n\t\t\t\t\t<\/div>\n\t\t\t\t<\/div>\n\t\t<div class=\"elementor-element elementor-element-1673d51 e-con-full e-flex e-con e-child\" data-id=\"1673d51\" data-element_type=\"container\" data-e-type=\"container\">\n\t\t\t\t<div class=\"elementor-element elementor-element-071d008 elementor-widget elementor-widget-text-editor\" data-id=\"071d008\" data-element_type=\"widget\" data-e-type=\"widget\" data-widget_type=\"text-editor.default\">\n\t\t\t\t<div class=\"elementor-widget-container\">\n\t\t\t\t\t\t\t\t\tLa s\u00e9curit\u00e9 est notre priorit\u00e9 absolue\n<h4>draatv.com<\/h4>\n, \u00c9quip\u00e9 d'un DRM (Digital Rights Management) robuste et de mesures de protection des contenus pour pr\u00e9venir l'acc\u00e8s non autoris\u00e9 et la piraterie. La plateforme est continuellement mise \u00e0 jour avec les derniers correctifs de s\u00e9curit\u00e9 et soumise \u00e0 des audits de s\u00e9curit\u00e9 r\u00e9guliers pour garantir une protection maximale aux op\u00e9rateurs IPTV et \u00e0 leurs abonn\u00e9s.\n\nAvec ses fonctionnalit\u00e9s de pointe, son int\u00e9gration transparente et ses capacit\u00e9s compl\u00e8tes de gestion de contenu, draatv.com est la plateforme ultime pour les op\u00e9rateurs IPTV, leur permettant d'offrir une exp\u00e9rience de divertissement in\u00e9gal\u00e9e \u00e0 leurs abonn\u00e9s, d'augmenter leurs revenus et de rester \u00e0 la pointe du paysage IPTV en constante \u00e9volution.\t\t\t\t\t\t\t\t<\/div>\n\t\t\t\t<\/div>\n\t\t\t\t<\/div>\n\t\t\t\t\t<\/div>\n\t\t\t\t<\/div>\n\t\t\t\t<section class=\"elementor-section elementor-top-section elementor-element elementor-element-bc8a0d7 elementor-section-stretched elementor-section-full_width elementor-section-height-default elementor-section-height-default\" data-id=\"bc8a0d7\" data-element_type=\"section\" data-e-type=\"section\" data-settings=\"{&quot;stretch_section&quot;:&quot;section-stretched&quot;,&quot;background_background&quot;:&quot;gradient&quot;,&quot;shape_divider_top&quot;:&quot;opacity-fan&quot;}\">\n\t\t\t\t\t<div class=\"elementor-shape elementor-shape-top\" aria-hidden=\"true\" data-negative=\"false\">\n\t\t\t<svg xmlns=\"http:\/\/www.w3.org\/2000\/svg\" viewbox=\"0 0 283.5 19.6\" preserveaspectratio=\"none\">\n\t<path class=\"elementor-shape-fill\" style=\"opacity:0.33\" d=\"M0 0L0 18.8 141.8 4.1 283.5 18.8 283.5 0z\"\/>\n\t<path class=\"elementor-shape-fill\" style=\"opacity:0.33\" d=\"M0 0L0 12.6 141.8 4 283.5 12.6 283.5 0z\"\/>\n\t<path class=\"elementor-shape-fill\" style=\"opacity:0.33\" d=\"M0 0L0 6.4 141.8 4 283.5 6.4 283.5 0z\"\/>\n\t<path class=\"elementor-shape-fill\" d=\"M0 0L0 1.2 141.8 4 283.5 1.2 283.5 0z\"\/>\n<\/svg>\t\t<\/div>\n\t\t\t\t\t<div class=\"elementor-container elementor-column-gap-wider\">\n\t\t\t\t\t<div class=\"elementor-column elementor-col-100 elementor-top-column elementor-element elementor-element-49b277a\" data-id=\"49b277a\" data-element_type=\"column\" data-e-type=\"column\">\n\t\t\t<div class=\"elementor-widget-wrap elementor-element-populated\">\n\t\t\t\t<div class=\"elementor-element elementor-element-96fd0cc e-grid e-con-boxed e-con e-parent\" data-id=\"96fd0cc\" data-element_type=\"container\" data-e-type=\"container\">\n\t\t\t\t\t<div class=\"e-con-inner\">\n\t\t<div class=\"elementor-element elementor-element-315c23d e-con-full e-flex e-con e-child\" data-id=\"315c23d\" data-element_type=\"container\" data-e-type=\"container\">\n\t\t\t\t<div class=\"elementor-element elementor-element-c24f32c elementor-widget elementor-widget-heading\" data-id=\"c24f32c\" data-element_type=\"widget\" data-e-type=\"widget\" data-widget_type=\"heading.default\">\n\t\t\t\t<div class=\"elementor-widget-container\">\n\t\t\t\t\t<h5 class=\"elementor-heading-title elementor-size-default\">Garantie de remboursement \u00e0 100%<\/h5>\t\t\t\t<\/div>\n\t\t\t\t<\/div>\n\t\t\t\t<div class=\"elementor-element elementor-element-cb27dc7 elementor-widget elementor-widget-image\" data-id=\"cb27dc7\" data-element_type=\"widget\" data-e-type=\"widget\" data-widget_type=\"image.default\">\n\t\t\t\t<div class=\"elementor-widget-container\">\n\t\t\t\t\t\t\t\t\t\t\t\t\t\t\t\t<a href=\"https:\/\/draatv.net\/fr\/refund-policy\/\">\n\t\t\t\t\t\t\t<img loading=\"lazy\" decoding=\"async\" width=\"150\" height=\"150\" src=\"https:\/\/draatv.net\/wp-content\/uploads\/2025\/02\/Moeny-Back.webp\" class=\"attachment-full size-full wp-image-37952\" alt=\"100 % Geld-zur\u00fcck-Garantie-Abzeichen mit einem orangefarbenen Schild und einem H\u00e4kchen\" srcset=\"https:\/\/draatv.net\/wp-content\/uploads\/2025\/02\/Moeny-Back.webp 150w, https:\/\/draatv.net\/wp-content\/uploads\/2025\/02\/Moeny-Back-12x12.webp 12w, https:\/\/draatv.net\/wp-content\/uploads\/2025\/02\/Moeny-Back-75x75.webp 75w\" sizes=\"auto, (max-width:767px) 150px, 150px\" \/>\t\t\t\t\t\t\t\t<\/a>\n\t\t\t\t\t\t\t\t\t\t\t\t\t\t\t<\/div>\n\t\t\t\t<\/div>\n\t\t\t\t<\/div>\n\t\t<div class=\"elementor-element elementor-element-18dfa42 e-con-full e-flex e-con e-child\" data-id=\"18dfa42\" data-element_type=\"container\" data-e-type=\"container\">\n\t\t\t\t<div class=\"elementor-element elementor-element-022275a elementor-widget elementor-widget-heading\" data-id=\"022275a\" data-element_type=\"widget\" data-e-type=\"widget\" data-widget_type=\"heading.default\">\n\t\t\t\t<div class=\"elementor-widget-container\">\n\t\t\t\t\t<h5 class=\"elementor-heading-title elementor-size-default\">Connexion 100% s\u00e9curis\u00e9e<\/h5>\t\t\t\t<\/div>\n\t\t\t\t<\/div>\n\t\t\t\t<div class=\"elementor-element elementor-element-e27bc7f elementor-widget elementor-widget-image\" data-id=\"e27bc7f\" data-element_type=\"widget\" data-e-type=\"widget\" data-widget_type=\"image.default\">\n\t\t\t\t<div class=\"elementor-widget-container\">\n\t\t\t\t\t\t\t\t\t\t\t\t\t\t\t\t<a href=\"https:\/\/secure.trust-provider.com\/ttb_searcher\/trustlogo?v_querytype=W&#038;v_shortname=CL1&#038;v_search=https:\/\/draatv.net\/&#038;x=6&#038;y=5\" target=\"_blank\" id=\"comodoTL\">\n\t\t\t\t\t\t\t<img loading=\"lazy\" decoding=\"async\" width=\"150\" height=\"150\" src=\"https:\/\/draatv.net\/wp-content\/uploads\/2025\/02\/SSL.webp\" class=\"attachment-full size-full wp-image-37953\" alt=\"Abzeichen f\u00fcr sichere SSL-verschl\u00fcsselte Verbindung mit einem Globus und einem gr\u00fcnen Vorh\u00e4ngeschloss\" srcset=\"https:\/\/draatv.net\/wp-content\/uploads\/2025\/02\/SSL.webp 150w, https:\/\/draatv.net\/wp-content\/uploads\/2025\/02\/SSL-12x12.webp 12w, https:\/\/draatv.net\/wp-content\/uploads\/2025\/02\/SSL-75x75.webp 75w\" sizes=\"auto, (max-width:767px) 150px, 150px\" \/>\t\t\t\t\t\t\t\t<\/a>\n\t\t\t\t\t\t\t\t\t\t\t\t\t\t\t<\/div>\n\t\t\t\t<\/div>\n\t\t\t\t<\/div>\n\t\t<div class=\"elementor-element elementor-element-e651540 e-con-full e-flex e-con e-child\" data-id=\"e651540\" data-element_type=\"container\" data-e-type=\"container\">\n\t\t\t\t<div class=\"elementor-element elementor-element-368cc26 elementor-widget elementor-widget-heading\" data-id=\"368cc26\" data-element_type=\"widget\" data-e-type=\"widget\" data-widget_type=\"heading.default\">\n\t\t\t\t<div class=\"elementor-widget-container\">\n\t\t\t\t\t<h5 class=\"elementor-heading-title elementor-size-default\">Protection des donn\u00e9es<\/h5>\t\t\t\t<\/div>\n\t\t\t\t<\/div>\n\t\t\t\t<div class=\"elementor-element elementor-element-4c93a13 elementor-widget elementor-widget-image\" data-id=\"4c93a13\" data-element_type=\"widget\" data-e-type=\"widget\" data-widget_type=\"image.default\">\n\t\t\t\t<div class=\"elementor-widget-container\">\n\t\t\t\t\t\t\t\t\t\t\t\t\t\t\t\t<a href=\"https:\/\/ico.org.uk\/ESDWebPages\/Entry\/ZB763409\" target=\"_blank\" rel=\"noopener\">\n\t\t\t\t\t\t\t<img loading=\"lazy\" decoding=\"async\" width=\"150\" height=\"150\" src=\"https:\/\/draatv.net\/wp-content\/uploads\/2025\/02\/GDPR.webp\" class=\"attachment-full size-full wp-image-37951\" alt=\"GDPR-Compliance-Abzeichen mit einem gr\u00fcnen Vorh\u00e4ngeschloss, umgeben von 12 orangefarbenen Sternen\" srcset=\"https:\/\/draatv.net\/wp-content\/uploads\/2025\/02\/GDPR.webp 150w, https:\/\/draatv.net\/wp-content\/uploads\/2025\/02\/GDPR-12x12.webp 12w, https:\/\/draatv.net\/wp-content\/uploads\/2025\/02\/GDPR-75x75.webp 75w\" sizes=\"auto, (max-width:767px) 150px, 150px\" \/>\t\t\t\t\t\t\t\t<\/a>\n\t\t\t\t\t\t\t\t\t\t\t\t\t\t\t<\/div>\n\t\t\t\t<\/div>\n\t\t\t\t<\/div>\n\t\t\t\t\t<\/div>\n\t\t\t\t<\/div>\n\t\t<div class=\"elementor-element elementor-element-214976b e-flex e-con-boxed e-con e-child\" data-id=\"214976b\" data-element_type=\"container\" data-e-type=\"container\">\n\t\t\t\t\t<div class=\"e-con-inner\">\n\t\t\t\t<div class=\"elementor-element elementor-element-33cca2b elementor-widget elementor-widget-html\" data-id=\"33cca2b\" data-element_type=\"widget\" data-e-type=\"widget\" data-widget_type=\"html.default\">\n\t\t\t\t<div class=\"elementor-widget-container\">\n\t\t\t\t\t<style>\r\n.footer {\r\n  display: flex;\r\n  flex-wrap: wrap;\r\n  justify-content: center;\r\n  align-items: center;\r\n  margin-bottom: 16px;\r\n}\r\n\r\n.footer .footerbutton {\r\n    color: #fff;\r\n  font-size: 16px;\r\n  font-weight: 500;\r\n  border-style: solid;\r\n  border-width: 1px 1px 1px 1px;\r\n  border-color: #ff;\r\n  border-radius: 24px;\r\n  padding: 8px 16px;\r\n  margin: 8px;\r\n  display: inline-block;\r\n  text-decoration: none;\r\n}\r\n\r\n\/* Media Query for screens smaller than 600px *\/\r\n@media (max-width: 600px) {\r\n  .footer .footerbutton {\r\n    font-size: 14px;\r\n    padding: 6px 12px;\r\n    margin: 4px;\r\n  }\r\n}\r\n<\/style>\r\n\r\n<br\/>\r\n<br\/>\r\n<div class=\"footer\">\r\n   <a class=\"footerbutton\" href=\"https:\/\/draatv.net\/fr\/apk\/\" title=\"T\u00e9l\u00e9charger\"><i class=\"icon-download\"><\/i> DraaTV v3.8<\/a>\r\n   <a class=\"footerbutton\" href=\"https:\/\/draatv.net\/fr\/terms-of-use\/\" title=\"Conditions d&#039;utilisation\"><i class=\"fas fa-balance-scale\"><\/i> Conditions d'utilisation<\/a>\r\n   <a class=\"footerbutton\" href=\"https:\/\/draatv.net\/fr\/privacy-policy\/\" title=\"Politique de confidentialit\u00e9\"><i class=\"fas fa-user-lock\"><\/i> Politique de confidentialit\u00e9 <\/a>\r\n   <a class=\"footerbutton\" href=\"https:\/\/draatv.net\/fr\/refund-policy\/\" title=\"Refund\"><i class=\"icon-money-line\"><\/i> Remboursement<\/a>\r\n<\/div>\r\n\t\t\t\t<\/div>\n\t\t\t\t<\/div>\n\t\t\t\t\t<\/div>\n\t\t\t\t<\/div>\n\t\t\t\t\t<\/div>\n\t\t<\/div>\n\t\t\t\t\t<\/div>\n\t\t<\/section>\n\t\t\t\t<\/div>","protected":false},"excerpt":{"rendered":"<p>\u00dcber DraaTV DraaTV Die hochmoderne Plattform ist ausschlie\u00dflich f\u00fcr IPTV-Betreiber konzipiert. draatv.com revolutioniert die Art und Weise, wie IPTV-Dienste bereitgestellt und genutzt werden, und bietet Abonnenten<span class=\"excerpt-hellip\"> [\u2026]<\/span><\/p>\n","protected":false},"author":438,"featured_media":0,"parent":0,"menu_order":0,"comment_status":"closed","ping_status":"closed","template":"elementor_header_footer","meta":{"_surecart_dashboard_logo_width":"180px","_surecart_dashboard_show_logo":true,"_surecart_dashboard_navigation_orders":true,"_surecart_dashboard_navigation_invoices":true,"_surecart_dashboard_navigation_subscriptions":true,"_surecart_dashboard_navigation_downloads":true,"_surecart_dashboard_navigation_billing":true,"_surecart_dashboard_navigation_account":true,"footnotes":""},"class_list":["post-13912","page","type-page","status-publish","hentry"],"_links":{"self":[{"href":"https:\/\/draatv.net\/fr\/wp-json\/wp\/v2\/pages\/13912","targetHints":{"allow":["GET"]}}],"collection":[{"href":"https:\/\/draatv.net\/fr\/wp-json\/wp\/v2\/pages"}],"about":[{"href":"https:\/\/draatv.net\/fr\/wp-json\/wp\/v2\/types\/page"}],"author":[{"embeddable":true,"href":"https:\/\/draatv.net\/fr\/wp-json\/wp\/v2\/users\/438"}],"replies":[{"embeddable":true,"href":"https:\/\/draatv.net\/fr\/wp-json\/wp\/v2\/comments?post=13912"}],"version-history":[{"count":0,"href":"https:\/\/draatv.net\/fr\/wp-json\/wp\/v2\/pages\/13912\/revisions"}],"wp:attachment":[{"href":"https:\/\/draatv.net\/fr\/wp-json\/wp\/v2\/media?parent=13912"}],"curies":[{"name":"wp","href":"https:\/\/api.w.org\/{rel}","templated":true}]}}