{"id":28663,"date":"2024-03-09T18:20:44","date_gmt":"2024-03-09T18:20:44","guid":{"rendered":"https:\/\/tv.draadigital.com\/?page_id=28663"},"modified":"2025-02-20T10:31:41","modified_gmt":"2025-02-20T10:31:41","slug":"affiliate-program","status":"publish","type":"page","link":"https:\/\/draatv.net\/en\/affiliate-program\/","title":{"rendered":"IPTV Affiliate Programm"},"content":{"rendered":"<div data-elementor-type=\"wp-page\" data-elementor-id=\"28663\" class=\"elementor elementor-28663\" data-elementor-post-type=\"page\">\n\t\t\t\t<div class=\"elementor-element elementor-element-ea319ed e-con-full e-flex e-con e-parent\" data-id=\"ea319ed\" data-element_type=\"container\" data-e-type=\"container\" data-settings=\"{&quot;background_background&quot;:&quot;classic&quot;}\">\n\t\t\t\t<div class=\"elementor-element elementor-element-9d9fd9e elementor-widget elementor-widget-heading\" data-id=\"9d9fd9e\" data-element_type=\"widget\" data-e-type=\"widget\" data-widget_type=\"heading.default\">\n\t\t\t\t<div class=\"elementor-widget-container\">\n\t\t\t\t\t<h1 class=\"elementor-heading-title elementor-size-default\">IPTV Affiliate Program !<\/h1>\t\t\t\t<\/div>\n\t\t\t\t<\/div>\n\t\t\t\t<div class=\"elementor-element elementor-element-d4f7d45 elementor-widget elementor-widget-heading\" data-id=\"d4f7d45\" data-element_type=\"widget\" data-e-type=\"widget\" data-widget_type=\"heading.default\">\n\t\t\t\t<div class=\"elementor-widget-container\">\n\t\t\t\t\t<h4 class=\"elementor-heading-title elementor-size-default\">Anmeldeanweisungen:<\/h4>\t\t\t\t<\/div>\n\t\t\t\t<\/div>\n\t\t\t\t<div class=\"elementor-element elementor-element-3d3b957 elementor-widget elementor-widget-heading\" data-id=\"3d3b957\" data-element_type=\"widget\" data-e-type=\"widget\" data-widget_type=\"heading.default\">\n\t\t\t\t<div class=\"elementor-widget-container\">\n\t\t\t\t\t<h4 class=\"elementor-heading-title elementor-size-default\">Schritt 1: Melden Sie sich auf der Partnerseite an<\/h4>\t\t\t\t<\/div>\n\t\t\t\t<\/div>\n\t\t\t\t<div class=\"elementor-element elementor-element-8dd63e2 elementor-widget elementor-widget-text-editor\" data-id=\"8dd63e2\" data-element_type=\"widget\" data-e-type=\"widget\" data-widget_type=\"text-editor.default\">\n\t\t\t\t<div class=\"elementor-widget-container\">\n\t\t\t\t\t\t\t\t\t<p>Besuchen Sie unsere Affiliate Anmeldeseite unter Affiliate Anmeldung.<\/p>\t\t\t\t\t\t\t\t<\/div>\n\t\t\t\t<\/div>\n\t\t\t\t<div class=\"elementor-element elementor-element-956693f elementor-align-center elementor-widget elementor-widget-button\" data-id=\"956693f\" data-element_type=\"widget\" data-e-type=\"widget\" data-widget_type=\"button.default\">\n\t\t\t\t<div class=\"elementor-widget-container\">\n\t\t\t\t\t\t\t\t\t<div class=\"elementor-button-wrapper\">\n\t\t\t\t\t<a class=\"elementor-button elementor-button-link elementor-size-sm\" href=\"https:\/\/draadigital.surecart.com\/affiliates\/sign_up\" target=\"_blank\" rel=\"noopener\">\n\t\t\t\t\t\t<span class=\"elementor-button-content-wrapper\">\n\t\t\t\t\t\t\t\t\t<span class=\"elementor-button-text\">Anmelden<\/span>\n\t\t\t\t\t<\/span>\n\t\t\t\t\t<\/a>\n\t\t\t\t<\/div>\n\t\t\t\t\t\t\t\t<\/div>\n\t\t\t\t<\/div>\n\t\t\t\t<div class=\"elementor-element elementor-element-bb03f9a elementor-widget elementor-widget-text-editor\" data-id=\"bb03f9a\" data-element_type=\"widget\" data-e-type=\"widget\" data-widget_type=\"text-editor.default\">\n\t\t\t\t<div class=\"elementor-widget-container\">\n\t\t\t\t\t\t\t\t\t<p>F\u00fcllen Sie die erforderlichen Felder mit Ihren Informationen aus.<\/p>\t\t\t\t\t\t\t\t<\/div>\n\t\t\t\t<\/div>\n\t\t\t\t<div class=\"elementor-element elementor-element-741bacc elementor-widget elementor-widget-image\" data-id=\"741bacc\" data-element_type=\"widget\" data-e-type=\"widget\" data-widget_type=\"image.default\">\n\t\t\t\t<div class=\"elementor-widget-container\">\n\t\t\t\t\t\t\t\t\t\t\t\t\t\t\t<img loading=\"lazy\" decoding=\"async\" width=\"853\" height=\"820\" src=\"https:\/\/draatv.net\/wp-content\/uploads\/2024\/03\/img_191738.png\" class=\"attachment-full size-full wp-image-28674\" alt=\"affiliate 191738\" srcset=\"https:\/\/draatv.net\/wp-content\/uploads\/2024\/03\/img_191738.png 853w, https:\/\/draatv.net\/wp-content\/uploads\/2024\/03\/img_191738-300x288.png 300w, https:\/\/draatv.net\/wp-content\/uploads\/2024\/03\/img_191738-768x738.png 768w, https:\/\/draatv.net\/wp-content\/uploads\/2024\/03\/img_191738-78x75.png 78w, https:\/\/draatv.net\/wp-content\/uploads\/2024\/03\/img_191738-480x461.png 480w\" sizes=\"auto, (max-width:767px) 480px, (max-width:853px) 100vw, 853px\" \/>\t\t\t\t\t\t\t\t\t\t\t\t\t\t\t<\/div>\n\t\t\t\t<\/div>\n\t\t\t\t<div class=\"elementor-element elementor-element-874823e elementor-widget elementor-widget-heading\" data-id=\"874823e\" data-element_type=\"widget\" data-e-type=\"widget\" data-widget_type=\"heading.default\">\n\t\t\t\t<div class=\"elementor-widget-container\">\n\t\t\t\t\t<h4 class=\"elementor-heading-title elementor-size-default\">Schritt 2: Genehmigungs E-mail erhalten<\/h4>\t\t\t\t<\/div>\n\t\t\t\t<\/div>\n\t\t\t\t<div class=\"elementor-element elementor-element-faecb88 elementor-widget elementor-widget-text-editor\" data-id=\"faecb88\" data-element_type=\"widget\" data-e-type=\"widget\" data-widget_type=\"text-editor.default\">\n\t\t\t\t<div class=\"elementor-widget-container\">\n\t\t\t\t\t\t\t\t\t<p>Sobald Sie Ihre Daten \u00fcbermittelt haben, erhalten Sie eine E-Mail zur Best\u00e4tigung Ihrer Bewerbung.<br \/>\u00d6ffnen Sie die E-mail und klicken Sie auf die Schaltfl\u00e4che approval, um mit dem Anmeldevorgang fortzufahren.<\/p>\t\t\t\t\t\t\t\t<\/div>\n\t\t\t\t<\/div>\n\t\t\t\t<div class=\"elementor-element elementor-element-c47dca5 elementor-widget elementor-widget-image\" data-id=\"c47dca5\" data-element_type=\"widget\" data-e-type=\"widget\" data-widget_type=\"image.default\">\n\t\t\t\t<div class=\"elementor-widget-container\">\n\t\t\t\t\t\t\t\t\t\t\t\t\t\t\t<img loading=\"lazy\" decoding=\"async\" width=\"1577\" height=\"710\" src=\"https:\/\/draatv.net\/wp-content\/uploads\/2024\/03\/img_191741-1.png\" class=\"attachment-full size-full wp-image-28678\" alt=\"affiliate 191741\" srcset=\"https:\/\/draatv.net\/wp-content\/uploads\/2024\/03\/img_191741-1.png 1577w, https:\/\/draatv.net\/wp-content\/uploads\/2024\/03\/img_191741-1-300x135.png 300w, https:\/\/draatv.net\/wp-content\/uploads\/2024\/03\/img_191741-1-1024x461.png 1024w, https:\/\/draatv.net\/wp-content\/uploads\/2024\/03\/img_191741-1-768x346.png 768w, https:\/\/draatv.net\/wp-content\/uploads\/2024\/03\/img_191741-1-1536x692.png 1536w, https:\/\/draatv.net\/wp-content\/uploads\/2024\/03\/img_191741-1-150x68.png 150w, https:\/\/draatv.net\/wp-content\/uploads\/2024\/03\/img_191741-1-480x216.png 480w\" sizes=\"auto, (max-width:767px) 480px, (max-width:1577px) 100vw, 1577px\" \/>\t\t\t\t\t\t\t\t\t\t\t\t\t\t\t<\/div>\n\t\t\t\t<\/div>\n\t\t\t\t<div class=\"elementor-element elementor-element-63d5a19 elementor-widget elementor-widget-heading\" data-id=\"63d5a19\" data-element_type=\"widget\" data-e-type=\"widget\" data-widget_type=\"heading.default\">\n\t\t\t\t<div class=\"elementor-widget-container\">\n\t\t\t\t\t<h4 class=\"elementor-heading-title elementor-size-default\">Schritt 3: Vervollst\u00e4ndigen Sie die Informationen und f\u00fcgen Sie die PayPal E-mail adresse hinzu<\/h4>\t\t\t\t<\/div>\n\t\t\t\t<\/div>\n\t\t\t\t<div class=\"elementor-element elementor-element-06aa587 elementor-widget elementor-widget-text-editor\" data-id=\"06aa587\" data-element_type=\"widget\" data-e-type=\"widget\" data-widget_type=\"text-editor.default\">\n\t\t\t\t<div class=\"elementor-widget-container\">\n\t\t\t\t\t\t\t\t\t<p>Sie werden zu einer Seite weitergeleitet, auf der Sie Ihr affiliate profil vervollst\u00e4ndigen k\u00f6nnen. Geben Sie bei Bedarf weitere Informationen ein.<br \/>Geben Sie f\u00fcr die Auszahlung Ihre PayPal E-mail adresse an.<\/p><p>Klicken Sie auf die Schaltfl\u00e4che \u201eSubmit Affiliate\u201c, um Ihre Bewerbung abzuschlie\u00dfen.<\/p>\t\t\t\t\t\t\t\t<\/div>\n\t\t\t\t<\/div>\n\t\t\t\t<div class=\"elementor-element elementor-element-ff17397 elementor-widget elementor-widget-image\" data-id=\"ff17397\" data-element_type=\"widget\" data-e-type=\"widget\" data-widget_type=\"image.default\">\n\t\t\t\t<div class=\"elementor-widget-container\">\n\t\t\t\t\t\t\t\t\t\t\t\t\t\t\t<img loading=\"lazy\" decoding=\"async\" width=\"1432\" height=\"879\" src=\"https:\/\/draatv.net\/wp-content\/uploads\/2024\/03\/img_191742-1.png\" class=\"attachment-full size-full wp-image-28679\" alt=\"affiliate 191742\" srcset=\"https:\/\/draatv.net\/wp-content\/uploads\/2024\/03\/img_191742-1.png 1432w, https:\/\/draatv.net\/wp-content\/uploads\/2024\/03\/img_191742-1-300x184.png 300w, https:\/\/draatv.net\/wp-content\/uploads\/2024\/03\/img_191742-1-1024x629.png 1024w, https:\/\/draatv.net\/wp-content\/uploads\/2024\/03\/img_191742-1-768x471.png 768w, https:\/\/draatv.net\/wp-content\/uploads\/2024\/03\/img_191742-1-122x75.png 122w, https:\/\/draatv.net\/wp-content\/uploads\/2024\/03\/img_191742-1-480x295.png 480w\" sizes=\"auto, (max-width:767px) 480px, (max-width:1432px) 100vw, 1432px\" \/>\t\t\t\t\t\t\t\t\t\t\t\t\t\t\t<\/div>\n\t\t\t\t<\/div>\n\t\t\t\t<div class=\"elementor-element elementor-element-4b80d1f elementor-widget elementor-widget-heading\" data-id=\"4b80d1f\" data-element_type=\"widget\" data-e-type=\"widget\" data-widget_type=\"heading.default\">\n\t\t\t\t<div class=\"elementor-widget-container\">\n\t\t\t\t\t<h4 class=\"elementor-heading-title elementor-size-default\">Schritt 4: Herzlichen Gl\u00fcckwunsch! Ihr Dashboard ist aktiv<\/h4>\t\t\t\t<\/div>\n\t\t\t\t<\/div>\n\t\t\t\t<div class=\"elementor-element elementor-element-0d5a2e4 elementor-widget elementor-widget-text-editor\" data-id=\"0d5a2e4\" data-element_type=\"widget\" data-e-type=\"widget\" data-widget_type=\"text-editor.default\">\n\t\t\t\t<div class=\"elementor-widget-container\">\n\t\t\t\t\t\t\t\t\t<p>Melden Sie sich bei Ihrem aktiven Dashboard an.<br \/>Gehen Sie zu <span style=\"text-decoration: underline;\"><strong>Settings<\/strong> <\/span>und suchen Sie Ihren eindeutigen Empfehlungslink.<br \/>Kopieren Sie Ihren Empfehlungslink.<\/p><p>Teilen Sie Ihren Empfehlungslink mit Kunden, Freunden oder Familie..<br \/>Jeder, der \u00fcber Ihren Link zu uns kommt, wird in Ihrem Dashboard verfolgt.<\/p>\t\t\t\t\t\t\t\t<\/div>\n\t\t\t\t<\/div>\n\t\t\t\t<div class=\"elementor-element elementor-element-47f22af elementor-widget elementor-widget-image\" data-id=\"47f22af\" data-element_type=\"widget\" data-e-type=\"widget\" data-widget_type=\"image.default\">\n\t\t\t\t<div class=\"elementor-widget-container\">\n\t\t\t\t\t\t\t\t\t\t\t\t\t\t\t<img loading=\"lazy\" decoding=\"async\" width=\"1881\" height=\"735\" src=\"https:\/\/draatv.net\/wp-content\/uploads\/2024\/03\/img_191740-1.webp\" class=\"attachment-full size-full wp-image-28681\" alt=\"affiliate 191740\" srcset=\"https:\/\/draatv.net\/wp-content\/uploads\/2024\/03\/img_191740-1.webp 1881w, https:\/\/draatv.net\/wp-content\/uploads\/2024\/03\/img_191740-1-300x117.webp 300w, https:\/\/draatv.net\/wp-content\/uploads\/2024\/03\/img_191740-1-1024x400.webp 1024w, https:\/\/draatv.net\/wp-content\/uploads\/2024\/03\/img_191740-1-768x300.webp 768w, https:\/\/draatv.net\/wp-content\/uploads\/2024\/03\/img_191740-1-1536x600.webp 1536w, https:\/\/draatv.net\/wp-content\/uploads\/2024\/03\/img_191740-1-150x59.webp 150w, https:\/\/draatv.net\/wp-content\/uploads\/2024\/03\/img_191740-1-1280x500.webp 1280w, https:\/\/draatv.net\/wp-content\/uploads\/2024\/03\/img_191740-1-480x188.webp 480w\" sizes=\"auto, (max-width:767px) 480px, (max-width:1881px) 100vw, 1881px\" \/>\t\t\t\t\t\t\t\t\t\t\t\t\t\t\t<\/div>\n\t\t\t\t<\/div>\n\t\t\t\t<div class=\"elementor-element elementor-element-cba524c elementor-widget elementor-widget-text-editor\" data-id=\"cba524c\" data-element_type=\"widget\" data-e-type=\"widget\" data-widget_type=\"text-editor.default\">\n\t\t\t\t<div class=\"elementor-widget-container\">\n\t\t\t\t\t\t\t\t\t<p>\u00dcberpr\u00fcfen Sie Ihr Dashboard regelm\u00e4\u00dfig auf Einblicke in Klicks, Conversions und Provisionen.<br \/>Wenn Sie Hilfe ben\u00f6tigen, wenden Sie sich bitte an unser support team unter <span style=\"text-decoration: underline;\"><strong>support@draatv.com<\/strong><\/span><\/p><p>Gl\u00fcckwunsch! Sie sind jetzt ein aktiver Partner von DraaTV.<\/p><p>Vielen Dank, dass Sie unserem Partnerprogramm beigetreten sind und zu unserem Erfolg beigetragen haben.<\/p>\t\t\t\t\t\t\t\t<\/div>\n\t\t\t\t<\/div>\n\t\t\t\t<\/div>\n\t\t<div class=\"elementor-element elementor-element-dbf8fbb e-flex e-con-boxed e-con e-parent\" data-id=\"dbf8fbb\" data-element_type=\"container\" data-e-type=\"container\">\n\t\t\t\t\t<div class=\"e-con-inner\">\n\t\t\t\t<div class=\"elementor-element elementor-element-ed12963 elementor-widget elementor-widget-spacer\" data-id=\"ed12963\" data-element_type=\"widget\" data-e-type=\"widget\" data-widget_type=\"spacer.default\">\n\t\t\t\t<div class=\"elementor-widget-container\">\n\t\t\t\t\t\t\t<div class=\"elementor-spacer\">\n\t\t\t<div class=\"elementor-spacer-inner\"><\/div>\n\t\t<\/div>\n\t\t\t\t\t\t<\/div>\n\t\t\t\t<\/div>\n\t\t\t\t\t<\/div>\n\t\t\t\t<\/div>\n\t\t\t\t<section class=\"elementor-section elementor-top-section elementor-element elementor-element-c975586 elementor-section-stretched elementor-section-full_width elementor-section-height-default elementor-section-height-default\" data-id=\"c975586\" data-element_type=\"section\" data-e-type=\"section\" data-settings=\"{&quot;stretch_section&quot;:&quot;section-stretched&quot;,&quot;background_background&quot;:&quot;gradient&quot;,&quot;shape_divider_top&quot;:&quot;opacity-fan&quot;}\">\n\t\t\t\t\t<div class=\"elementor-shape elementor-shape-top\" aria-hidden=\"true\" data-negative=\"false\">\n\t\t\t<svg xmlns=\"http:\/\/www.w3.org\/2000\/svg\" viewbox=\"0 0 283.5 19.6\" preserveaspectratio=\"none\">\n\t<path class=\"elementor-shape-fill\" style=\"opacity:0.33\" d=\"M0 0L0 18.8 141.8 4.1 283.5 18.8 283.5 0z\"\/>\n\t<path class=\"elementor-shape-fill\" style=\"opacity:0.33\" d=\"M0 0L0 12.6 141.8 4 283.5 12.6 283.5 0z\"\/>\n\t<path class=\"elementor-shape-fill\" style=\"opacity:0.33\" d=\"M0 0L0 6.4 141.8 4 283.5 6.4 283.5 0z\"\/>\n\t<path class=\"elementor-shape-fill\" d=\"M0 0L0 1.2 141.8 4 283.5 1.2 283.5 0z\"\/>\n<\/svg>\t\t<\/div>\n\t\t\t\t\t<div class=\"elementor-container elementor-column-gap-wider\">\n\t\t\t\t\t<div class=\"elementor-column elementor-col-100 elementor-top-column elementor-element elementor-element-821f69d\" data-id=\"821f69d\" data-element_type=\"column\" data-e-type=\"column\">\n\t\t\t<div class=\"elementor-widget-wrap elementor-element-populated\">\n\t\t\t\t<div class=\"elementor-element elementor-element-e8f9194 e-grid e-con-boxed e-con e-parent\" data-id=\"e8f9194\" data-element_type=\"container\" data-e-type=\"container\">\n\t\t\t\t\t<div class=\"e-con-inner\">\n\t\t<div class=\"elementor-element elementor-element-4d1b464 e-con-full e-flex e-con e-child\" data-id=\"4d1b464\" data-element_type=\"container\" data-e-type=\"container\">\n\t\t\t\t<div class=\"elementor-element elementor-element-1cedd17 elementor-widget elementor-widget-heading\" data-id=\"1cedd17\" data-element_type=\"widget\" data-e-type=\"widget\" data-widget_type=\"heading.default\">\n\t\t\t\t<div class=\"elementor-widget-container\">\n\t\t\t\t\t<h5 class=\"elementor-heading-title elementor-size-default\">100% Money-Back Guarantee<\/h5>\t\t\t\t<\/div>\n\t\t\t\t<\/div>\n\t\t\t\t<div class=\"elementor-element elementor-element-17df6a8 elementor-widget elementor-widget-image\" data-id=\"17df6a8\" data-element_type=\"widget\" data-e-type=\"widget\" data-widget_type=\"image.default\">\n\t\t\t\t<div class=\"elementor-widget-container\">\n\t\t\t\t\t\t\t\t\t\t\t\t\t\t\t\t<a href=\"https:\/\/draatv.net\/en\/refund-policy\/\">\n\t\t\t\t\t\t\t<img loading=\"lazy\" decoding=\"async\" width=\"150\" height=\"150\" src=\"https:\/\/draatv.net\/wp-content\/uploads\/2025\/02\/Moeny-Back.webp\" class=\"attachment-full size-full wp-image-37952\" alt=\"100 % Geld-zur\u00fcck-Garantie-Abzeichen mit einem orangefarbenen Schild und einem H\u00e4kchen\" srcset=\"https:\/\/draatv.net\/wp-content\/uploads\/2025\/02\/Moeny-Back.webp 150w, https:\/\/draatv.net\/wp-content\/uploads\/2025\/02\/Moeny-Back-12x12.webp 12w, https:\/\/draatv.net\/wp-content\/uploads\/2025\/02\/Moeny-Back-75x75.webp 75w\" sizes=\"auto, (max-width:767px) 150px, 150px\" \/>\t\t\t\t\t\t\t\t<\/a>\n\t\t\t\t\t\t\t\t\t\t\t\t\t\t\t<\/div>\n\t\t\t\t<\/div>\n\t\t\t\t<\/div>\n\t\t<div class=\"elementor-element elementor-element-24b2425 e-con-full e-flex e-con e-child\" data-id=\"24b2425\" data-element_type=\"container\" data-e-type=\"container\">\n\t\t\t\t<div class=\"elementor-element elementor-element-843b4b6 elementor-widget elementor-widget-heading\" data-id=\"843b4b6\" data-element_type=\"widget\" data-e-type=\"widget\" data-widget_type=\"heading.default\">\n\t\t\t\t<div class=\"elementor-widget-container\">\n\t\t\t\t\t<h5 class=\"elementor-heading-title elementor-size-default\">100% Secure Connection<\/h5>\t\t\t\t<\/div>\n\t\t\t\t<\/div>\n\t\t\t\t<div class=\"elementor-element elementor-element-225d630 elementor-widget elementor-widget-image\" data-id=\"225d630\" data-element_type=\"widget\" data-e-type=\"widget\" data-widget_type=\"image.default\">\n\t\t\t\t<div class=\"elementor-widget-container\">\n\t\t\t\t\t\t\t\t\t\t\t\t\t\t\t\t<a href=\"https:\/\/secure.trust-provider.com\/ttb_searcher\/trustlogo?v_querytype=W&#038;v_shortname=CL1&#038;v_search=https:\/\/draatv.net\/&#038;x=6&#038;y=5\" target=\"_blank\" id=\"comodoTL\">\n\t\t\t\t\t\t\t<img loading=\"lazy\" decoding=\"async\" width=\"150\" height=\"150\" src=\"https:\/\/draatv.net\/wp-content\/uploads\/2025\/02\/SSL.webp\" class=\"attachment-full size-full wp-image-37953\" alt=\"Abzeichen f\u00fcr sichere SSL-verschl\u00fcsselte Verbindung mit einem Globus und einem gr\u00fcnen Vorh\u00e4ngeschloss\" srcset=\"https:\/\/draatv.net\/wp-content\/uploads\/2025\/02\/SSL.webp 150w, https:\/\/draatv.net\/wp-content\/uploads\/2025\/02\/SSL-12x12.webp 12w, https:\/\/draatv.net\/wp-content\/uploads\/2025\/02\/SSL-75x75.webp 75w\" sizes=\"auto, (max-width:767px) 150px, 150px\" \/>\t\t\t\t\t\t\t\t<\/a>\n\t\t\t\t\t\t\t\t\t\t\t\t\t\t\t<\/div>\n\t\t\t\t<\/div>\n\t\t\t\t<\/div>\n\t\t<div class=\"elementor-element elementor-element-0253034 e-con-full e-flex e-con e-child\" data-id=\"0253034\" data-element_type=\"container\" data-e-type=\"container\">\n\t\t\t\t<div class=\"elementor-element elementor-element-58c200f elementor-widget elementor-widget-heading\" data-id=\"58c200f\" data-element_type=\"widget\" data-e-type=\"widget\" data-widget_type=\"heading.default\">\n\t\t\t\t<div class=\"elementor-widget-container\">\n\t\t\t\t\t<h5 class=\"elementor-heading-title elementor-size-default\">Data Protection<\/h5>\t\t\t\t<\/div>\n\t\t\t\t<\/div>\n\t\t\t\t<div class=\"elementor-element elementor-element-9d071f8 elementor-widget elementor-widget-image\" data-id=\"9d071f8\" data-element_type=\"widget\" data-e-type=\"widget\" data-widget_type=\"image.default\">\n\t\t\t\t<div class=\"elementor-widget-container\">\n\t\t\t\t\t\t\t\t\t\t\t\t\t\t\t\t<a href=\"https:\/\/ico.org.uk\/ESDWebPages\/Entry\/ZB763409\" target=\"_blank\" rel=\"noopener\">\n\t\t\t\t\t\t\t<img loading=\"lazy\" decoding=\"async\" width=\"150\" height=\"150\" src=\"https:\/\/draatv.net\/wp-content\/uploads\/2025\/02\/GDPR.webp\" class=\"attachment-full size-full wp-image-37951\" alt=\"GDPR-Compliance-Abzeichen mit einem gr\u00fcnen Vorh\u00e4ngeschloss, umgeben von 12 orangefarbenen Sternen\" srcset=\"https:\/\/draatv.net\/wp-content\/uploads\/2025\/02\/GDPR.webp 150w, https:\/\/draatv.net\/wp-content\/uploads\/2025\/02\/GDPR-12x12.webp 12w, https:\/\/draatv.net\/wp-content\/uploads\/2025\/02\/GDPR-75x75.webp 75w\" sizes=\"auto, (max-width:767px) 150px, 150px\" \/>\t\t\t\t\t\t\t\t<\/a>\n\t\t\t\t\t\t\t\t\t\t\t\t\t\t\t<\/div>\n\t\t\t\t<\/div>\n\t\t\t\t<\/div>\n\t\t\t\t\t<\/div>\n\t\t\t\t<\/div>\n\t\t<div class=\"elementor-element elementor-element-6026f14 e-flex e-con-boxed e-con e-child\" data-id=\"6026f14\" data-element_type=\"container\" data-e-type=\"container\">\n\t\t\t\t\t<div class=\"e-con-inner\">\n\t\t\t\t<div class=\"elementor-element elementor-element-86ae20f elementor-widget elementor-widget-html\" data-id=\"86ae20f\" data-element_type=\"widget\" data-e-type=\"widget\" data-widget_type=\"html.default\">\n\t\t\t\t<div class=\"elementor-widget-container\">\n\t\t\t\t\t<style>\r\n.footer {\r\n  display: flex;\r\n  flex-wrap: wrap;\r\n  justify-content: center;\r\n  align-items: center;\r\n  margin-bottom: 16px;\r\n}\r\n\r\n.footer .footerbutton {\r\n    color: #fff;\r\n  font-size: 16px;\r\n  font-weight: 500;\r\n  border-style: solid;\r\n  border-width: 1px 1px 1px 1px;\r\n  border-color: #ff;\r\n  border-radius: 24px;\r\n  padding: 8px 16px;\r\n  margin: 8px;\r\n  display: inline-block;\r\n  text-decoration: none;\r\n}\r\n\r\n\/* Media Query for screens smaller than 600px *\/\r\n@media (max-width: 600px) {\r\n  .footer .footerbutton {\r\n    font-size: 14px;\r\n    padding: 6px 12px;\r\n    margin: 4px;\r\n  }\r\n}\r\n<\/style>\r\n\r\n<br\/>\r\n<br\/>\r\n<div class=\"footer\">\r\n   <a class=\"footerbutton\" href=\"https:\/\/draatv.net\/en\/apk\/\" title=\"Download\"><i class=\"icon-download\"><\/i> DraaTV v3.8<\/a>\r\n   <a class=\"footerbutton\" href=\"https:\/\/draatv.net\/en\/terms-of-use\/\" title=\"Terms of Use\"><i class=\"fas fa-balance-scale\"><\/i> Terms of Use<\/a>\r\n   <a class=\"footerbutton\" href=\"https:\/\/draatv.net\/en\/privacy-policy\/\" title=\"Privacy Policy\"><i class=\"fas fa-user-lock\"><\/i> Privacy Policy <\/a>\r\n   <a class=\"footerbutton\" href=\"https:\/\/draatv.net\/en\/refund-policy\/\" title=\"Refund\"><i class=\"icon-money-line\"><\/i> Refund<\/a>\r\n<\/div>\r\n\t\t\t\t<\/div>\n\t\t\t\t<\/div>\n\t\t\t\t\t<\/div>\n\t\t\t\t<\/div>\n\t\t\t\t\t<\/div>\n\t\t<\/div>\n\t\t\t\t\t<\/div>\n\t\t<\/section>\n\t\t\t\t<\/div>","protected":false},"excerpt":{"rendered":"<p>IPTV Affiliate Program ! Anmeldeanweisungen: Schritt 1: Melden Sie sich auf der Partnerseite an Besuchen Sie unsere Affiliate Anmeldeseite unter Affiliate Anmeldung. Anmelden F\u00fcllen Sie die<span class=\"excerpt-hellip\"> [\u2026]<\/span><\/p>\n","protected":false},"author":438,"featured_media":0,"parent":0,"menu_order":0,"comment_status":"closed","ping_status":"closed","template":"","meta":{"_surecart_dashboard_logo_width":"180px","_surecart_dashboard_show_logo":true,"_surecart_dashboard_navigation_orders":true,"_surecart_dashboard_navigation_invoices":true,"_surecart_dashboard_navigation_subscriptions":true,"_surecart_dashboard_navigation_downloads":true,"_surecart_dashboard_navigation_billing":true,"_surecart_dashboard_navigation_account":true,"footnotes":""},"class_list":["post-28663","page","type-page","status-publish","hentry"],"_links":{"self":[{"href":"https:\/\/draatv.net\/en\/wp-json\/wp\/v2\/pages\/28663","targetHints":{"allow":["GET"]}}],"collection":[{"href":"https:\/\/draatv.net\/en\/wp-json\/wp\/v2\/pages"}],"about":[{"href":"https:\/\/draatv.net\/en\/wp-json\/wp\/v2\/types\/page"}],"author":[{"embeddable":true,"href":"https:\/\/draatv.net\/en\/wp-json\/wp\/v2\/users\/438"}],"replies":[{"embeddable":true,"href":"https:\/\/draatv.net\/en\/wp-json\/wp\/v2\/comments?post=28663"}],"version-history":[{"count":0,"href":"https:\/\/draatv.net\/en\/wp-json\/wp\/v2\/pages\/28663\/revisions"}],"wp:attachment":[{"href":"https:\/\/draatv.net\/en\/wp-json\/wp\/v2\/media?parent=28663"}],"curies":[{"name":"wp","href":"https:\/\/api.w.org\/{rel}","templated":true}]}}